{"id":17494,"date":"2024-03-07T14:27:18","date_gmt":"2024-03-07T13:27:18","guid":{"rendered":"https:\/\/innova.moreawesome.co\/elementor-17489\/"},"modified":"2024-03-07T14:44:11","modified_gmt":"2024-03-07T13:44:11","slug":"elementor-17489","status":"publish","type":"page","link":"https:\/\/test.innovamarketinsights.com\/es\/elementor-17489\/","title":{"rendered":"prueba destacada"},"content":{"rendered":"\t\t<div data-elementor-type=\"wp-page\" data-elementor-id=\"17494\" class=\"elementor elementor-17494\" data-elementor-post-type=\"page\">\n\t\t\t\t<div class=\"elementor-element elementor-element-84da4ff e-flex e-con-boxed e-con e-parent\" data-id=\"84da4ff\" data-element_type=\"container\" data-e-type=\"container\">\n\t\t\t\t\t<div class=\"e-con-inner\">\n\t\t\t\t<div class=\"elementor-element elementor-element-3b43d5e elementor-grid-3 elementor-grid-tablet-2 elementor-grid-mobile-1 elementor-posts--thumbnail-top elementor-widget elementor-widget-posts\" data-id=\"3b43d5e\" data-element_type=\"widget\" data-e-type=\"widget\" data-settings=\"{&quot;classic_columns&quot;:&quot;3&quot;,&quot;classic_columns_tablet&quot;:&quot;2&quot;,&quot;classic_columns_mobile&quot;:&quot;1&quot;,&quot;classic_row_gap&quot;:{&quot;unit&quot;:&quot;px&quot;,&quot;size&quot;:35,&quot;sizes&quot;:[]},&quot;classic_row_gap_tablet&quot;:{&quot;unit&quot;:&quot;px&quot;,&quot;size&quot;:&quot;&quot;,&quot;sizes&quot;:[]},&quot;classic_row_gap_mobile&quot;:{&quot;unit&quot;:&quot;px&quot;,&quot;size&quot;:&quot;&quot;,&quot;sizes&quot;:[]}}\" data-widget_type=\"posts.classic\">\n\t\t\t\t<div class=\"elementor-widget-container\">\n\t\t\t\t\t\t\t<div class=\"elementor-posts-container elementor-posts elementor-posts--skin-classic elementor-grid\" role=\"list\">\n\t\t\t\t<article class=\"elementor-post elementor-grid-item post-36094 reports type-reports status-publish has-post-thumbnail hentry tag-nutricion tag-salud insights360-consumidores insights360-productos topics-consumidores-es topics-salud-y-nutricion topics-tendencias f-b-category-nutricion-especializada region-global-es\" role=\"listitem\">\n\t\t\t\t<a class=\"elementor-post__thumbnail__link\" href=\"https:\/\/test.innovamarketinsights.com\/es\/reportes\/top-health-and-nutrition-trends-2025\/\" tabindex=\"-1\" >\n\t\t\t<div class=\"elementor-post__thumbnail\"><img fetchpriority=\"high\" decoding=\"async\" width=\"300\" height=\"199\" src=\"https:\/\/test.innovamarketinsights.com\/wp-content\/uploads\/2024\/09\/health-and-nutrition--300x199.png\" class=\"attachment-medium size-medium wp-image-31274\" alt=\"health and nutrition\" srcset=\"https:\/\/test.innovamarketinsights.com\/wp-content\/uploads\/2024\/09\/health-and-nutrition--300x199.png 300w, https:\/\/test.innovamarketinsights.com\/wp-content\/uploads\/2024\/09\/health-and-nutrition--1024x679.png 1024w, https:\/\/test.innovamarketinsights.com\/wp-content\/uploads\/2024\/09\/health-and-nutrition--768x509.png 768w, https:\/\/test.innovamarketinsights.com\/wp-content\/uploads\/2024\/09\/health-and-nutrition-.png 1411w\" sizes=\"(max-width: 300px) 100vw, 300px\" \/><\/div>\n\t\t<\/a>\n\t\t\t\t<div class=\"elementor-post__text\">\n\t\t\t\t<h3 class=\"elementor-post__title\">\n\t\t\t<a href=\"https:\/\/test.innovamarketinsights.com\/es\/reportes\/top-health-and-nutrition-trends-2025\/\" >\n\t\t\t\tTop Salud &amp; Nutrici\u00f3n Tendencias 2025\t\t\t<\/a>\n\t\t<\/h3>\n\t\t\t\t<div class=\"elementor-post__meta-data\">\n\t\t\t\t\t<span class=\"elementor-post-date\">\n\t\t\tseptiembre 27, 2024\t\t<\/span>\n\t\t\t\t<span class=\"elementor-post-avatar\">\n\t\t\tNo hay comentarios\t\t<\/span>\n\t\t\t\t<\/div>\n\t\t\t\t<div class=\"elementor-post__excerpt\">\n\t\t\t<p>Este informe proporcionar\u00e1 valiosos conocimientos sobre la evoluci\u00f3n de la nutrici\u00f3n, los nutrac\u00e9uticos y los suplementos, y equipar\u00e1 a los profesionales del sector.<\/p>\n\t\t<\/div>\n\t\t\n\t\t<a class=\"elementor-post__read-more\" href=\"https:\/\/test.innovamarketinsights.com\/es\/reportes\/top-health-and-nutrition-trends-2025\/\" aria-label=\"M\u00e1s informaci\u00f3n sobre Top Salud &amp; Nutrici\u00f3n Tendencias 2025\" tabindex=\"-1\" >\n\t\t\tLeer M\u00e1s \"\t\t<\/a>\n\n\t\t\t\t<\/div>\n\t\t\t\t<\/article>\n\t\t\t\t<\/div>\n\t\t\n\t\t\t\t\t\t<\/div>\n\t\t\t\t<\/div>\n\t\t\t\t\t<\/div>\n\t\t\t\t<\/div>\n\t\t\t\t<\/div>\n\t\t","protected":false},"excerpt":{"rendered":"","protected":false},"author":32,"featured_media":0,"parent":0,"menu_order":0,"comment_status":"closed","ping_status":"closed","template":"","meta":{"_acf_changed":false,"inline_featured_image":false,"footnotes":""},"class_list":["post-17494","page","type-page","status-publish","hentry"],"acf":[],"_links":{"self":[{"href":"https:\/\/test.innovamarketinsights.com\/es\/wp-json\/wp\/v2\/pages\/17494","targetHints":{"allow":["GET"]}}],"collection":[{"href":"https:\/\/test.innovamarketinsights.com\/es\/wp-json\/wp\/v2\/pages"}],"about":[{"href":"https:\/\/test.innovamarketinsights.com\/es\/wp-json\/wp\/v2\/types\/page"}],"author":[{"embeddable":true,"href":"https:\/\/test.innovamarketinsights.com\/es\/wp-json\/wp\/v2\/users\/32"}],"replies":[{"embeddable":true,"href":"https:\/\/test.innovamarketinsights.com\/es\/wp-json\/wp\/v2\/comments?post=17494"}],"version-history":[{"count":5,"href":"https:\/\/test.innovamarketinsights.com\/es\/wp-json\/wp\/v2\/pages\/17494\/revisions"}],"predecessor-version":[{"id":17514,"href":"https:\/\/test.innovamarketinsights.com\/es\/wp-json\/wp\/v2\/pages\/17494\/revisions\/17514"}],"wp:attachment":[{"href":"https:\/\/test.innovamarketinsights.com\/es\/wp-json\/wp\/v2\/media?parent=17494"}],"curies":[{"name":"wp","href":"https:\/\/api.w.org\/{rel}","templated":true}]}}