{"id":16621,"date":"2023-05-05T14:39:37","date_gmt":"2023-05-05T12:39:37","guid":{"rendered":"https:\/\/innova.moreawesome.co\/safe-sender-instructions\/"},"modified":"2024-02-13T14:52:49","modified_gmt":"2024-02-13T13:52:49","slug":"safe-sender-instructions","status":"publish","type":"page","link":"https:\/\/test.innovamarketinsights.com\/es\/safe-sender-instructions\/","title":{"rendered":"Instrucciones del remitente seguro"},"content":{"rendered":"\t\t<div data-elementor-type=\"wp-page\" data-elementor-id=\"16621\" class=\"elementor elementor-16621 elementor-10188\" data-elementor-post-type=\"page\">\n\t\t\t\t<div class=\"elementor-element elementor-element-344115d e-flex e-con-boxed e-con e-parent\" data-id=\"344115d\" data-element_type=\"container\" data-e-type=\"container\">\n\t\t\t\t\t<div class=\"e-con-inner\">\n\t\t\t\t<div class=\"elementor-element elementor-element-a8cdaa3 elementor-widget elementor-widget-heading\" data-id=\"a8cdaa3\" data-element_type=\"widget\" data-e-type=\"widget\" data-widget_type=\"heading.default\">\n\t\t\t\t<div class=\"elementor-widget-container\">\n\t\t\t\t\t<h2 class=\"elementor-heading-title elementor-size-default\">Instrucciones para el remitente seguro<\/h2>\t\t\t\t<\/div>\n\t\t\t\t<\/div>\n\t\t\t\t<div class=\"elementor-element elementor-element-3dc495a elementor-widget elementor-widget-heading\" data-id=\"3dc495a\" data-element_type=\"widget\" data-e-type=\"widget\" data-widget_type=\"heading.default\">\n\t\t\t\t<div class=\"elementor-widget-container\">\n\t\t\t\t\t<span class=\"elementor-heading-title elementor-size-medium\">Para asegurarte de que los mensajes de direcciones o dominios conocidos no vayan a tu carpeta de correo no deseado, a\u00f1ade los siguientes dominios <b>@imi.innovamarketinsights.com<\/b> y <b>@innovami.com<\/b> a tu lista de remitentes seguros. He aqu\u00ed <b>c\u00f3mo hacerlo<\/b>:<\/span>\t\t\t\t<\/div>\n\t\t\t\t<\/div>\n\t\t\t\t\t<\/div>\n\t\t\t\t<\/div>\n\t\t<div class=\"elementor-element elementor-element-2d54b71 e-flex e-con-boxed e-con e-parent\" data-id=\"2d54b71\" data-element_type=\"container\" data-e-type=\"container\">\n\t\t\t\t\t<div class=\"e-con-inner\">\n\t\t\t\t<div class=\"elementor-element elementor-element-f215547 elementor-widget elementor-widget-image\" data-id=\"f215547\" data-element_type=\"widget\" data-e-type=\"widget\" data-widget_type=\"image.default\">\n\t\t\t\t<div class=\"elementor-widget-container\">\n\t\t\t\t\t\t\t\t\t\t\t\t\t\t\t<img fetchpriority=\"high\" decoding=\"async\" width=\"400\" height=\"400\" src=\"https:\/\/test.innovamarketinsights.com\/wp-content\/uploads\/2023\/05\/sending-email.png\" class=\"attachment-medium_large size-medium_large wp-image-13796\" alt=\"\" srcset=\"https:\/\/test.innovamarketinsights.com\/wp-content\/uploads\/2023\/05\/sending-email.png 400w, https:\/\/test.innovamarketinsights.com\/wp-content\/uploads\/2023\/05\/sending-email-300x300.png 300w, https:\/\/test.innovamarketinsights.com\/wp-content\/uploads\/2023\/05\/sending-email-150x150.png 150w\" sizes=\"(max-width: 400px) 100vw, 400px\" \/>\t\t\t\t\t\t\t\t\t\t\t\t\t\t\t<\/div>\n\t\t\t\t<\/div>\n\t\t\t\t\t<\/div>\n\t\t\t\t<\/div>\n\t\t<div class=\"elementor-element elementor-element-7a9f689 e-flex e-con-boxed e-con e-parent\" data-id=\"7a9f689\" data-element_type=\"container\" data-e-type=\"container\">\n\t\t\t\t\t<div class=\"e-con-inner\">\n\t\t\t\t<div class=\"elementor-element elementor-element-7848735 elementor-widget elementor-widget-heading\" data-id=\"7848735\" data-element_type=\"widget\" data-e-type=\"widget\" data-widget_type=\"heading.default\">\n\t\t\t\t<div class=\"elementor-widget-container\">\n\t\t\t\t\t<h2 class=\"elementor-heading-title elementor-size-large\">Outlook (versi\u00f3n web)<\/h2>\t\t\t\t<\/div>\n\t\t\t\t<\/div>\n\t\t\t\t<div class=\"elementor-element elementor-element-258865d elementor-widget elementor-widget-heading\" data-id=\"258865d\" data-element_type=\"widget\" data-e-type=\"widget\" data-widget_type=\"heading.default\">\n\t\t\t\t<div class=\"elementor-widget-container\">\n\t\t\t\t\t<p class=\"elementor-heading-title elementor-size-large\"><ol style=\"font-size: 16px;font-weight: 300;white-space: normal\"><li style=\"font-size: 16px\">Haga clic en el icono&nbsp;<span style=\"font-weight: bolder\">icono de configuraci\u00f3n<\/span>que se encuentra cerca de tu imagen de perfil, en la esquina superior derecha.<\/li><li style=\"font-size: 16px\">Aparecer\u00e1 un men\u00fa desplegable con la opci\u00f3n de \"<span style=\"font-weight: bolder\">Ver toda la configuraci\u00f3n de Outlook<\/span>\"en la parte inferior.<\/li><li style=\"font-size: 16px\">A&nbsp;<span style=\"font-weight: bolder\">ventana emergente<\/span>&nbsp;despu\u00e9s de seleccionar \"<span style=\"font-weight: bolder\">Ver toda la configuraci\u00f3n de Outlook<\/span>.\" Seleccione&nbsp;<span style=\"font-weight: bolder\">Correo <\/span>&nbsp;del men\u00fa emergente.&nbsp;<span style=\"font-weight: bolder\">Correo no deseado<\/span>&nbsp;se puede acceder a trav\u00e9s de&nbsp;<span style=\"font-weight: bolder\">correo<\/span>.<\/li><li style=\"font-size: 16px\">Cuando elija correo no deseado, ver\u00e1 remitentes y dominios seguros. A\u00f1adir&nbsp;<span style=\"font-weight: bolder\">technical@innovami.com<\/span>&nbsp;a la lista pulsando el bot\u00f3n&nbsp;<span style=\"font-weight: bolder\">A\u00f1ada<\/span>&nbsp;bot\u00f3n.<\/li><li style=\"font-size: 16px\">Por \u00faltimo, en la parte inferior de la ventana emergente, haga clic en &nbsp;<span style=\"font-weight: bolder\">Guardar<\/span>.<\/li><\/ol><\/p>\t\t\t\t<\/div>\n\t\t\t\t<\/div>\n\t\t\t\t<div class=\"elementor-element elementor-element-e409ecc elementor-widget elementor-widget-heading\" data-id=\"e409ecc\" data-element_type=\"widget\" data-e-type=\"widget\" data-widget_type=\"heading.default\">\n\t\t\t\t<div class=\"elementor-widget-container\">\n\t\t\t\t\t<h2 class=\"elementor-heading-title elementor-size-large\">Outlook (versi\u00f3n para aplicaciones)<\/h2>\t\t\t\t<\/div>\n\t\t\t\t<\/div>\n\t\t\t\t<div class=\"elementor-element elementor-element-c3a5556 elementor-widget elementor-widget-heading\" data-id=\"c3a5556\" data-element_type=\"widget\" data-e-type=\"widget\" data-widget_type=\"heading.default\">\n\t\t\t\t<div class=\"elementor-widget-container\">\n\t\t\t\t\t<p class=\"elementor-heading-title elementor-size-large\"><ol style=\"font-size: 16px;white-space: normal;font-weight: 300\"><li style=\"font-size: 16px\">Cuando se inicie la aplicaci\u00f3n de escritorio, aseg\u00farate de que est\u00e1s en la pesta\u00f1a\"Inicio\" que se encuentra en la parte superior izquierda.<\/li><li style=\"font-size: 16px\">En la pesta\u00f1a Inicio encontrar\u00e1 la secci\u00f3n Eliminar. En la secci\u00f3n de borrado encontrar\u00e1s\"Basura\".<\/li><li style=\"font-size: 16px\">Una vez que se hace clic en Basura, se muestra un desplegable. Haga clic en la \u00faltima opci\u00f3n\"Opciones de correo no deseado\" y aparecer\u00e1 una ventana emergente con una de las pesta\u00f1as\"Remitentes seguros\".<\/li><li style=\"font-size: 16px\">Una vez en Remitentes seguros, haga clic en el bot\u00f3n A\u00f1adir y escriba nuestros dominios&nbsp; @imi.innovamarketinsights.com y&nbsp; @innovami.com, luego haga clic en\"Aceptar\" y finalmente en\"Aplicar\".<\/li><\/ol><\/p>\t\t\t\t<\/div>\n\t\t\t\t<\/div>\n\t\t\t\t<div class=\"elementor-element elementor-element-b77b5e1 elementor-widget elementor-widget-heading\" data-id=\"b77b5e1\" data-element_type=\"widget\" data-e-type=\"widget\" data-widget_type=\"heading.default\">\n\t\t\t\t<div class=\"elementor-widget-container\">\n\t\t\t\t\t<h2 class=\"elementor-heading-title elementor-size-large\">Gmail<\/h2>\t\t\t\t<\/div>\n\t\t\t\t<\/div>\n\t\t\t\t<div class=\"elementor-element elementor-element-05af26c elementor-widget elementor-widget-heading\" data-id=\"05af26c\" data-element_type=\"widget\" data-e-type=\"widget\" data-widget_type=\"heading.default\">\n\t\t\t\t<div class=\"elementor-widget-container\">\n\t\t\t\t\t<p class=\"elementor-heading-title elementor-size-large\"><ol style=\"font-size: 16px;background-color: #ffffff;font-weight: 300;white-space: normal\">\n \t<li style=\"font-size: 16px\">Arrastre y suelte un correo electr\u00f3nico de la pesta\u00f1a actual a \"<span style=\"font-weight: bolder\">Principal<\/span>\".<\/li>\n \t<li style=\"font-size: 16px\">Aparecer\u00e1 un mensaje de alerta indicando \"<span style=\"font-weight: bolder\">Esta conversaci\u00f3n se ha trasladado a las conversaciones primarias. Haga esto para todos los futuros mensajes de<\/span> <span style=\"font-weight: bolder\">technical@innovami.com<\/span>\".<\/li>\n \t<li style=\"font-size: 16px\">Proceda seleccionando \"<span style=\"font-weight: bolder\">S\u00ed<\/span>\".<\/li>\n<\/ol><\/p>\t\t\t\t<\/div>\n\t\t\t\t<\/div>\n\t\t\t\t<div class=\"elementor-element elementor-element-44f2714 elementor-widget elementor-widget-heading\" data-id=\"44f2714\" data-element_type=\"widget\" data-e-type=\"widget\" data-widget_type=\"heading.default\">\n\t\t\t\t<div class=\"elementor-widget-container\">\n\t\t\t\t\t<h2 class=\"elementor-heading-title elementor-size-large\">\u00a1Yahoo!<\/h2>\t\t\t\t<\/div>\n\t\t\t\t<\/div>\n\t\t\t\t<div class=\"elementor-element elementor-element-c7dd38d elementor-widget elementor-widget-heading\" data-id=\"c7dd38d\" data-element_type=\"widget\" data-e-type=\"widget\" data-widget_type=\"heading.default\">\n\t\t\t\t<div class=\"elementor-widget-container\">\n\t\t\t\t\t<p class=\"elementor-heading-title elementor-size-large\"><ol style=\"font-size: 16px;font-weight: 300;white-space: normal\"><li style=\"font-size: 16px\">Al abrir un mensaje de correo electr\u00f3nico, en la parte superior tendr\u00e1 una&nbsp;<span style=\"font-weight: bolder\">barra de men\u00fa con iconos<\/span>.<\/li><li style=\"font-size: 16px\">En la barra de men\u00fa tendr\u00e1 un &nbsp;<span style=\"font-weight: bolder\">icono de 3 puntos <\/span>&nbsp;junto al icono &nbsp;<span style=\"font-weight: bolder\">Spam<\/span>&nbsp;.<\/li><li style=\"font-size: 16px\">Haz clic en los 3 puntos y aparecer\u00e1 un peque\u00f1o desplegable. En la parte inferior tendr\u00e1s \"<span style=\"font-weight: bolder\">A\u00f1adir remitente a contactos<\/span>\"haz clic en \u00e9l.<\/li><li style=\"font-size: 16px\">A la derecha aparece una nueva&nbsp;<span style=\"font-weight: bolder\">pantalla<\/span>&nbsp;para rellenar los datos del contacto.<\/li><li style=\"font-size: 16px\">Rellene el&nbsp;<span style=\"font-weight: bolder\">nombre<\/span>&nbsp;como<span style=\"font-weight: bolder\">&nbsp;Innova Market Insights<\/span>,&nbsp;aseg\u00farese de que los dominios sean &nbsp;<span>@imi.innovamarketinsights.com &nbsp;<\/span>y&nbsp;@innovami.com despu\u00e9s haga clic en &nbsp;<span style=\"font-weight: bolder\">Guardar<\/span>.<\/li><\/ol><\/p>\t\t\t\t<\/div>\n\t\t\t\t<\/div>\n\t\t\t\t\t<\/div>\n\t\t\t\t<\/div>\n\t\t\t\t<\/div>\n\t\t","protected":false},"excerpt":{"rendered":"<p>Instrucciones para el remitente seguro Para asegurarte de que los mensajes de direcciones o dominios conocidos no vayan a tu carpeta de correo no deseado, a\u00f1ade los siguientes dominios @imi.innovamarketinsights.com y @innovami.com a tu lista de remitentes seguros. He aqu\u00ed c\u00f3mo hacerlo: Outlook (versi\u00f3n web) Haga clic en el icono&nbsp;icono de configuraci\u00f3nque se encuentra cerca [&hellip;]<\/p>\n","protected":false},"author":13,"featured_media":0,"parent":0,"menu_order":0,"comment_status":"closed","ping_status":"closed","template":"","meta":{"_acf_changed":false,"inline_featured_image":false,"footnotes":""},"class_list":["post-16621","page","type-page","status-publish","hentry"],"acf":[],"_links":{"self":[{"href":"https:\/\/test.innovamarketinsights.com\/es\/wp-json\/wp\/v2\/pages\/16621","targetHints":{"allow":["GET"]}}],"collection":[{"href":"https:\/\/test.innovamarketinsights.com\/es\/wp-json\/wp\/v2\/pages"}],"about":[{"href":"https:\/\/test.innovamarketinsights.com\/es\/wp-json\/wp\/v2\/types\/page"}],"author":[{"embeddable":true,"href":"https:\/\/test.innovamarketinsights.com\/es\/wp-json\/wp\/v2\/users\/13"}],"replies":[{"embeddable":true,"href":"https:\/\/test.innovamarketinsights.com\/es\/wp-json\/wp\/v2\/comments?post=16621"}],"version-history":[{"count":1,"href":"https:\/\/test.innovamarketinsights.com\/es\/wp-json\/wp\/v2\/pages\/16621\/revisions"}],"predecessor-version":[{"id":16622,"href":"https:\/\/test.innovamarketinsights.com\/es\/wp-json\/wp\/v2\/pages\/16621\/revisions\/16622"}],"wp:attachment":[{"href":"https:\/\/test.innovamarketinsights.com\/es\/wp-json\/wp\/v2\/media?parent=16621"}],"curies":[{"name":"wp","href":"https:\/\/api.w.org\/{rel}","templated":true}]}}