{"id":16335,"date":"2023-10-26T13:38:36","date_gmt":"2023-10-26T11:38:36","guid":{"rendered":"https:\/\/innova.moreawesome.co\/insights\/envases-insights\/"},"modified":"2024-04-25T11:10:36","modified_gmt":"2024-04-25T09:10:36","slug":"envases-insights","status":"publish","type":"page","link":"https:\/\/test.innovamarketinsights.com\/es\/insights\/envases-insights\/","title":{"rendered":"Envases Insights"},"content":{"rendered":"\t\t<div data-elementor-type=\"wp-page\" data-elementor-id=\"16335\" class=\"elementor elementor-16335 elementor-12239\" data-elementor-post-type=\"page\">\n\t\t\t\t<div class=\"elementor-element elementor-element-5312de6 innove-header e-flex e-con-boxed e-con e-parent\" data-id=\"5312de6\" data-element_type=\"container\" data-e-type=\"container\" data-settings=\"{&quot;background_background&quot;:&quot;classic&quot;}\">\n\t\t\t\t\t<div class=\"e-con-inner\">\n\t\t<div class=\"elementor-element elementor-element-bda9793 e-con-full e-flex e-con e-child\" data-id=\"bda9793\" data-element_type=\"container\" data-e-type=\"container\" data-settings=\"{&quot;background_background&quot;:&quot;classic&quot;}\">\n\t\t<div class=\"elementor-element elementor-element-c513aa5 e-con-full e-flex e-con e-child\" data-id=\"c513aa5\" data-element_type=\"container\" data-e-type=\"container\">\n\t\t\t\t<div class=\"elementor-element elementor-element-75abdc1 elementor-widget__width-initial elementor-widget elementor-widget-heading\" data-id=\"75abdc1\" data-element_type=\"widget\" data-e-type=\"widget\" data-widget_type=\"heading.default\">\n\t\t\t\t<div class=\"elementor-widget-container\">\n\t\t\t\t\t<h1 class=\"elementor-heading-title elementor-size-xxl\">Envases Insights<\/h1>\t\t\t\t<\/div>\n\t\t\t\t<\/div>\n\t\t\t\t<div class=\"elementor-element elementor-element-0ae1dc7 elementor-widget elementor-widget-spacer\" data-id=\"0ae1dc7\" data-element_type=\"widget\" data-e-type=\"widget\" data-widget_type=\"spacer.default\">\n\t\t\t\t<div class=\"elementor-widget-container\">\n\t\t\t\t\t\t\t<div class=\"elementor-spacer\">\n\t\t\t<div class=\"elementor-spacer-inner\"><\/div>\n\t\t<\/div>\n\t\t\t\t\t\t<\/div>\n\t\t\t\t<\/div>\n\t\t\t\t<div class=\"elementor-element elementor-element-f88a596 elementor-align-left innova-button-medium elementor-widget elementor-widget-button\" data-id=\"f88a596\" data-element_type=\"widget\" data-e-type=\"widget\" data-widget_type=\"button.default\">\n\t\t\t\t<div class=\"elementor-widget-container\">\n\t\t\t\t\t\t\t\t\t<div class=\"elementor-button-wrapper\">\n\t\t\t\t\t<a class=\"elementor-button elementor-button-link elementor-size-md\" href=\"#elementor-action%3Aaction%3Dpopup%3Aopen%26settings%3DeyJpZCI6MTU1NTksInRvZ2dsZSI6ZmFsc2V9\">\n\t\t\t\t\t\t<span class=\"elementor-button-content-wrapper\">\n\t\t\t\t\t\t<span class=\"elementor-button-icon\">\n\t\t\t\t<i aria-hidden=\"true\" class=\"fas fa-circle\"><\/i>\t\t\t<\/span>\n\t\t\t\t\t\t\t\t\t<span class=\"elementor-button-text\">Consiga demo<\/span>\n\t\t\t\t\t<\/span>\n\t\t\t\t\t<\/a>\n\t\t\t\t<\/div>\n\t\t\t\t\t\t\t\t<\/div>\n\t\t\t\t<\/div>\n\t\t\t\t<\/div>\n\t\t\t\t<\/div>\n\t\t<div class=\"elementor-element elementor-element-39e3499 e-con-full elementor-hidden-mobile e-flex e-con e-child\" data-id=\"39e3499\" data-element_type=\"container\" data-e-type=\"container\">\n\t\t\t\t<div class=\"elementor-element elementor-element-5bbc413 elementor-hidden-tablet elementor-hidden-mobile elementor-widget elementor-widget-image\" data-id=\"5bbc413\" data-element_type=\"widget\" data-e-type=\"widget\" data-widget_type=\"image.default\">\n\t\t\t\t<div class=\"elementor-widget-container\">\n\t\t\t\t\t\t\t\t\t\t\t\t\t\t\t<img fetchpriority=\"high\" decoding=\"async\" width=\"800\" height=\"530\" src=\"https:\/\/test.innovamarketinsights.com\/wp-content\/uploads\/2023\/09\/global-packaging-trends-1024x678.webp\" class=\"attachment-large size-large wp-image-14285\" alt=\"\" srcset=\"https:\/\/test.innovamarketinsights.com\/wp-content\/uploads\/2023\/09\/global-packaging-trends-1024x678.webp 1024w, https:\/\/test.innovamarketinsights.com\/wp-content\/uploads\/2023\/09\/global-packaging-trends-300x199.webp 300w, https:\/\/test.innovamarketinsights.com\/wp-content\/uploads\/2023\/09\/global-packaging-trends-768x508.webp 768w, https:\/\/test.innovamarketinsights.com\/wp-content\/uploads\/2023\/09\/global-packaging-trends-jpg.webp 1484w\" sizes=\"(max-width: 800px) 100vw, 800px\" \/>\t\t\t\t\t\t\t\t\t\t\t\t\t\t\t<\/div>\n\t\t\t\t<\/div>\n\t\t\t\t<\/div>\n\t\t\t\t\t<\/div>\n\t\t\t\t<\/div>\n\t\t<div class=\"elementor-element elementor-element-0af543d e-flex e-con-boxed e-con e-parent\" data-id=\"0af543d\" data-element_type=\"container\" data-e-type=\"container\">\n\t\t\t\t\t<div class=\"e-con-inner\">\n\t\t\t\t<div class=\"elementor-element elementor-element-9d0fb57 elementor-widget elementor-widget-text-editor\" data-id=\"9d0fb57\" data-element_type=\"widget\" data-e-type=\"widget\" data-widget_type=\"text-editor.default\">\n\t\t\t\t<div class=\"elementor-widget-container\">\n\t\t\t\t\t\t\t\t\t<a href=\"\/es\/\">Inicio<\/a> | Insights | Envases Insights\t\t\t\t\t\t\t\t<\/div>\n\t\t\t\t<\/div>\n\t\t\t\t\t<\/div>\n\t\t\t\t<\/div>\n\t\t<div class=\"elementor-element elementor-element-16ecd64 innova-container e-flex e-con-boxed e-con e-parent\" data-id=\"16ecd64\" data-element_type=\"container\" data-e-type=\"container\">\n\t\t\t\t\t<div class=\"e-con-inner\">\n\t\t<div class=\"elementor-element elementor-element-1de91a6 e-con-full e-flex e-con e-child\" data-id=\"1de91a6\" data-element_type=\"container\" data-e-type=\"container\">\n\t\t<div class=\"elementor-element elementor-element-6d9cdec e-con-full e-flex e-con e-child\" data-id=\"6d9cdec\" data-element_type=\"container\" data-e-type=\"container\">\n\t\t\t\t<div class=\"elementor-element elementor-element-034448e elementor-widget elementor-widget-text-editor\" data-id=\"034448e\" data-element_type=\"widget\" data-e-type=\"widget\" data-widget_type=\"text-editor.default\">\n\t\t\t\t<div class=\"elementor-widget-container\">\n\t\t\t\t\t\t\t\t\t<p>Seguimiento detallado de los envases, incluidos formatos, materiales, cierres y declaraciones medioambientales. Examinar las estrategias de envase de marcas y empresas concretas. Aprenda de los protagonistas m\u00e1s innovadores de este espacio.<\/p>\n<p>La encuesta mundial anual sobre envases de Innova le permite conocer la evoluci\u00f3n de las expectativas de los consumidores. Nuestra completa base de datos presenta im\u00e1genes de calidad de formatos innovadores para inspirar el desarrollo de su concepto.<\/p>\n\t\t\t\t\t\t\t\t<\/div>\n\t\t\t\t<\/div>\n\t\t\t\t<\/div>\n\t\t<div class=\"elementor-element elementor-element-38b99aa e-con-full elementor-hidden-mobile e-flex e-con e-child\" data-id=\"38b99aa\" data-element_type=\"container\" data-e-type=\"container\" data-settings=\"{&quot;background_background&quot;:&quot;classic&quot;}\">\n\t\t\t\t<div class=\"elementor-element elementor-element-c5baddf elementor-widget elementor-widget-jet-lottie\" data-id=\"c5baddf\" data-element_type=\"widget\" data-e-type=\"widget\" data-widget_type=\"jet-lottie.default\">\n\t\t\t\t<div class=\"elementor-widget-container\">\n\t\t\t\t\t<div class=\"elementor-jet-lottie jet-elements\"><div class=\"jet-lottie\" data-settings=\"{&quot;path&quot;:&quot;\\\/wp-content\\\/uploads\\\/2022\\\/09\\\/packaging-icon.json&quot;,&quot;renderer&quot;:&quot;svg&quot;,&quot;action_start&quot;:&quot;on_scroll&quot;,&quot;delay&quot;:0,&quot;on_hover_out&quot;:&quot;default&quot;,&quot;redirect_timeout&quot;:0,&quot;viewport&quot;:1,&quot;loop&quot;:false,&quot;loop_times&quot;:&quot;&quot;,&quot;reversed&quot;:false,&quot;play_speed&quot;:0}\"><div class=\"jet-lottie__elem\"><\/div><\/div><\/div>\t\t\t\t<\/div>\n\t\t\t\t<\/div>\n\t\t\t\t<\/div>\n\t\t\t\t<\/div>\n\t\t\t\t\t<\/div>\n\t\t\t\t<\/div>\n\t\t<div class=\"elementor-element elementor-element-47d920d innova-container e-flex e-con-boxed e-con e-parent\" data-id=\"47d920d\" data-element_type=\"container\" data-e-type=\"container\" data-settings=\"{&quot;background_background&quot;:&quot;classic&quot;}\">\n\t\t\t\t\t<div class=\"e-con-inner\">\n\t\t\t\t<div class=\"elementor-element elementor-element-4bd98f4 elementor-widget elementor-widget-heading\" data-id=\"4bd98f4\" data-element_type=\"widget\" data-e-type=\"widget\" data-widget_type=\"heading.default\">\n\t\t\t\t<div class=\"elementor-widget-container\">\n\t\t\t\t\t<h3 class=\"elementor-heading-title elementor-size-xl\">Insights y an\u00e1lisis del mundo del envase<\/h3>\t\t\t\t<\/div>\n\t\t\t\t<\/div>\n\t\t<div class=\"elementor-element elementor-element-1858ba2 e-flex e-con-boxed e-con e-child\" data-id=\"1858ba2\" data-element_type=\"container\" data-e-type=\"container\">\n\t\t\t\t\t<div class=\"e-con-inner\">\n\t\t<div class=\"elementor-element elementor-element-23ea50e e-con-full e-flex e-con e-child\" data-id=\"23ea50e\" data-element_type=\"container\" data-e-type=\"container\">\n\t\t<div class=\"elementor-element elementor-element-5dbe1b2 e-con-full e-flex e-con e-child\" data-id=\"5dbe1b2\" data-element_type=\"container\" data-e-type=\"container\">\n\t\t\t\t<div class=\"elementor-element elementor-element-74b6e49 elementor-widget elementor-widget-jet-lottie\" data-id=\"74b6e49\" data-element_type=\"widget\" data-e-type=\"widget\" data-widget_type=\"jet-lottie.default\">\n\t\t\t\t<div class=\"elementor-widget-container\">\n\t\t\t\t\t<div class=\"elementor-jet-lottie jet-elements\"><div class=\"jet-lottie\" data-settings=\"{&quot;path&quot;:&quot;https:\\\/\\\/innova.moreawesome.co\\\/wp-content\\\/uploads\\\/2023\\\/01\\\/new-products.json&quot;,&quot;renderer&quot;:&quot;svg&quot;,&quot;action_start&quot;:&quot;on_hover&quot;,&quot;delay&quot;:0,&quot;on_hover_out&quot;:&quot;reverse&quot;,&quot;redirect_timeout&quot;:0,&quot;viewport&quot;:&quot;&quot;,&quot;loop&quot;:false,&quot;loop_times&quot;:&quot;&quot;,&quot;reversed&quot;:false,&quot;play_speed&quot;:1}\"><div class=\"jet-lottie__elem\"><\/div><\/div><\/div>\t\t\t\t<\/div>\n\t\t\t\t<\/div>\n\t\t\t\t<div class=\"elementor-element elementor-element-aa33aff elementor-widget elementor-widget-heading\" data-id=\"aa33aff\" data-element_type=\"widget\" data-e-type=\"widget\" data-widget_type=\"heading.default\">\n\t\t\t\t<div class=\"elementor-widget-container\">\n\t\t\t\t\t<h4 class=\"elementor-heading-title elementor-size-large\">Base de datos de nuevos productos<\/h4>\t\t\t\t<\/div>\n\t\t\t\t<\/div>\n\t\t\t\t<div class=\"elementor-element elementor-element-661f717 elementor-widget elementor-widget-text-editor\" data-id=\"661f717\" data-element_type=\"widget\" data-e-type=\"widget\" data-widget_type=\"text-editor.default\">\n\t\t\t\t<div class=\"elementor-widget-container\">\n\t\t\t\t\t\t\t\t\t<p>Un recurso gigantesco que crece en 600.000 registros \u00fanicos cada a\u00f1o. Los envases, los materiales y las im\u00e1genes ofrecen una imagen completa.<\/p>\n\t\t\t\t\t\t\t\t<\/div>\n\t\t\t\t<\/div>\n\t\t\t\t<\/div>\n\t\t\t\t<div class=\"elementor-element elementor-element-b3c7667 elementor-widget elementor-widget-shortcode\" data-id=\"b3c7667\" data-element_type=\"widget\" data-e-type=\"widget\" data-widget_type=\"shortcode.default\">\n\t\t\t\t<div class=\"elementor-widget-container\">\n\t\t\t\t\t\t\t<div class=\"elementor-shortcode\"><div class=\"innova-animated-link\"><a href=\"\/es\/bases-de-datos\/\" target=\"_self\"><span class=\"dot\"><\/span>Bases de datos<\/a><\/div><\/div>\n\t\t\t\t\t\t<\/div>\n\t\t\t\t<\/div>\n\t\t\t\t<\/div>\n\t\t<div class=\"elementor-element elementor-element-ba4292e e-con-full e-flex e-con e-child\" data-id=\"ba4292e\" data-element_type=\"container\" data-e-type=\"container\">\n\t\t<div class=\"elementor-element elementor-element-033832f e-con-full e-flex e-con e-child\" data-id=\"033832f\" data-element_type=\"container\" data-e-type=\"container\">\n\t\t\t\t<div class=\"elementor-element elementor-element-011507b elementor-widget elementor-widget-jet-lottie\" data-id=\"011507b\" data-element_type=\"widget\" data-e-type=\"widget\" data-widget_type=\"jet-lottie.default\">\n\t\t\t\t<div class=\"elementor-widget-container\">\n\t\t\t\t\t<div class=\"elementor-jet-lottie jet-elements\"><div class=\"jet-lottie\" data-settings=\"{&quot;path&quot;:&quot;https:\\\/\\\/innova.moreawesome.co\\\/wp-content\\\/uploads\\\/2022\\\/09\\\/reports-icon.json&quot;,&quot;renderer&quot;:&quot;svg&quot;,&quot;action_start&quot;:&quot;on_hover&quot;,&quot;delay&quot;:0,&quot;on_hover_out&quot;:&quot;reverse&quot;,&quot;redirect_timeout&quot;:0,&quot;viewport&quot;:&quot;&quot;,&quot;loop&quot;:false,&quot;loop_times&quot;:&quot;&quot;,&quot;reversed&quot;:false,&quot;play_speed&quot;:1}\"><div class=\"jet-lottie__elem\"><\/div><\/div><\/div>\t\t\t\t<\/div>\n\t\t\t\t<\/div>\n\t\t\t\t<div class=\"elementor-element elementor-element-2466773 elementor-widget elementor-widget-heading\" data-id=\"2466773\" data-element_type=\"widget\" data-e-type=\"widget\" data-widget_type=\"heading.default\">\n\t\t\t\t<div class=\"elementor-widget-container\">\n\t\t\t\t\t<h4 class=\"elementor-heading-title elementor-size-large\">Informes<\/h4>\t\t\t\t<\/div>\n\t\t\t\t<\/div>\n\t\t\t\t<div class=\"elementor-element elementor-element-35b5d42 elementor-widget elementor-widget-text-editor\" data-id=\"35b5d42\" data-element_type=\"widget\" data-e-type=\"widget\" data-widget_type=\"text-editor.default\">\n\t\t\t\t<div class=\"elementor-widget-container\">\n\t\t\t\t\t\t\t\t\t<p>Obtenga una visi\u00f3n global con las diez principales tendencias en envases de Innova. Nuestros expertos realizan an\u00e1lisis exhaustivos. M\u00e1s noticias diarias para cubrir todos los \u00e1ngulos clave.<\/p>\n\t\t\t\t\t\t\t\t<\/div>\n\t\t\t\t<\/div>\n\t\t\t\t<\/div>\n\t\t\t\t<div class=\"elementor-element elementor-element-a4bd3a6 elementor-widget elementor-widget-shortcode\" data-id=\"a4bd3a6\" data-element_type=\"widget\" data-e-type=\"widget\" data-widget_type=\"shortcode.default\">\n\t\t\t\t<div class=\"elementor-widget-container\">\n\t\t\t\t\t\t\t<div class=\"elementor-shortcode\"><div class=\"innova-animated-link\"><a href=\"\/es\/plataforma-reports\/\" target=\"_self\"><span class=\"dot\"><\/span>Informes<\/a><\/div><\/div>\n\t\t\t\t\t\t<\/div>\n\t\t\t\t<\/div>\n\t\t\t\t<\/div>\n\t\t<div class=\"elementor-element elementor-element-2f9f267 e-con-full e-flex e-con e-child\" data-id=\"2f9f267\" data-element_type=\"container\" data-e-type=\"container\">\n\t\t<div class=\"elementor-element elementor-element-e67415d e-con-full e-flex e-con e-child\" data-id=\"e67415d\" data-element_type=\"container\" data-e-type=\"container\">\n\t\t\t\t<div class=\"elementor-element elementor-element-64aab0f elementor-widget elementor-widget-jet-lottie\" data-id=\"64aab0f\" data-element_type=\"widget\" data-e-type=\"widget\" data-widget_type=\"jet-lottie.default\">\n\t\t\t\t<div class=\"elementor-widget-container\">\n\t\t\t\t\t<div class=\"elementor-jet-lottie jet-elements\"><div class=\"jet-lottie\" data-settings=\"{&quot;path&quot;:&quot;https:\\\/\\\/innova.moreawesome.co\\\/wp-content\\\/uploads\\\/2022\\\/09\\\/working-together-icon.json&quot;,&quot;renderer&quot;:&quot;svg&quot;,&quot;action_start&quot;:&quot;on_hover&quot;,&quot;delay&quot;:0,&quot;on_hover_out&quot;:&quot;reverse&quot;,&quot;redirect_timeout&quot;:0,&quot;viewport&quot;:&quot;&quot;,&quot;loop&quot;:false,&quot;loop_times&quot;:&quot;&quot;,&quot;reversed&quot;:false,&quot;play_speed&quot;:1}\"><div class=\"jet-lottie__elem\"><\/div><\/div><\/div>\t\t\t\t<\/div>\n\t\t\t\t<\/div>\n\t\t\t\t<div class=\"elementor-element elementor-element-942467b elementor-widget elementor-widget-heading\" data-id=\"942467b\" data-element_type=\"widget\" data-e-type=\"widget\" data-widget_type=\"heading.default\">\n\t\t\t\t<div class=\"elementor-widget-container\">\n\t\t\t\t\t<h4 class=\"elementor-heading-title elementor-size-large\">Servicios<\/h4>\t\t\t\t<\/div>\n\t\t\t\t<\/div>\n\t\t\t\t<div class=\"elementor-element elementor-element-b507708 elementor-widget elementor-widget-text-editor\" data-id=\"b507708\" data-element_type=\"widget\" data-e-type=\"widget\" data-widget_type=\"text-editor.default\">\n\t\t\t\t<div class=\"elementor-widget-container\">\n\t\t\t\t\t\t\t\t\t<p>Nuestros especialistas en envases llevan a cabo proyectos personalizados, alert\u00e1ndole de los \u00faltimos avances e innovaciones que m\u00e1s interesan a su empresa.<\/p>\n\t\t\t\t\t\t\t\t<\/div>\n\t\t\t\t<\/div>\n\t\t\t\t<\/div>\n\t\t\t\t<div class=\"elementor-element elementor-element-7a5df12 elementor-widget elementor-widget-shortcode\" data-id=\"7a5df12\" data-element_type=\"widget\" data-e-type=\"widget\" data-widget_type=\"shortcode.default\">\n\t\t\t\t<div class=\"elementor-widget-container\">\n\t\t\t\t\t\t\t<div class=\"elementor-shortcode\"><div class=\"innova-animated-link\"><a href=\"\/es\/servicios\/\" target=\"_self\"><span class=\"dot\"><\/span>Servicios<\/a><\/div><\/div>\n\t\t\t\t\t\t<\/div>\n\t\t\t\t<\/div>\n\t\t\t\t<\/div>\n\t\t\t\t\t<\/div>\n\t\t\t\t<\/div>\n\t\t\t\t\t<\/div>\n\t\t\t\t<\/div>\n\t\t<div class=\"elementor-element elementor-element-b590c0b innova-container e-flex e-con-boxed e-con e-parent\" data-id=\"b590c0b\" data-element_type=\"container\" data-e-type=\"container\" data-settings=\"{&quot;background_background&quot;:&quot;classic&quot;}\">\n\t\t\t\t\t<div class=\"e-con-inner\">\n\t\t\t\t<div class=\"elementor-element elementor-element-23c2025 elementor-widget elementor-widget-heading\" data-id=\"23c2025\" data-element_type=\"widget\" data-e-type=\"widget\" data-widget_type=\"heading.default\">\n\t\t\t\t<div class=\"elementor-widget-container\">\n\t\t\t\t\t<h3 class=\"elementor-heading-title elementor-size-xl\">Acelere ya su viaje hacia la innovaci\u00f3n<\/h3>\t\t\t\t<\/div>\n\t\t\t\t<\/div>\n\t\t\t\t<div class=\"elementor-element elementor-element-54d2718 elementor-widget elementor-widget-jet-horizontal-timeline\" data-id=\"54d2718\" data-element_type=\"widget\" data-e-type=\"widget\" data-settings=\"{&quot;columns&quot;:3,&quot;columns_tablet&quot;:2,&quot;columns_mobile&quot;:1}\" data-widget_type=\"jet-horizontal-timeline.default\">\n\t\t\t\t<div class=\"elementor-widget-container\">\n\t\t\t\t\t<div class=\"elementor-jet-horizontal-timeline jet-elements\">\n<div class=\"jet-hor-timeline jet-hor-timeline--layout-bottom jet-hor-timeline--align-center jet-hor-timeline--scroll-bar\">\n\t<div class=\"jet-hor-timeline-inner\">\n\t\t<div class=\"jet-hor-timeline-track\">\n\t\t\t<div class=\"jet-hor-timeline-list jet-hor-timeline-list--top\">\n<div class=\"jet-hor-timeline-item elementor-repeater-item-53b9b53 is-active\" data-item-id=\"53b9b53\">\n\t\t\t\t<\/div>\n\n<div class=\"jet-hor-timeline-item elementor-repeater-item-9626f62 is-active\" data-item-id=\"9626f62\">\n\t\t\t\t<\/div>\n\n<div class=\"jet-hor-timeline-item elementor-repeater-item-6c60ca0 is-active\" data-item-id=\"6c60ca0\">\n\t\t\t\t<\/div>\n<\/div>\t\t\t<div class=\"jet-hor-timeline-list jet-hor-timeline-list--middle\">\n\t<div class=\"jet-hor-timeline__line\"><\/div>\n\n<div class=\"jet-hor-timeline-item elementor-repeater-item-53b9b53 is-active\" data-item-id=\"53b9b53\">\n\t<div class=\"jet-hor-timeline-item__point\"><div class=\"jet-hor-timeline-item__point-content\">1<\/div><\/div><\/div>\n\n<div class=\"jet-hor-timeline-item elementor-repeater-item-9626f62 is-active\" data-item-id=\"9626f62\">\n\t<div class=\"jet-hor-timeline-item__point\"><div class=\"jet-hor-timeline-item__point-content\">2<\/div><\/div><\/div>\n\n<div class=\"jet-hor-timeline-item elementor-repeater-item-6c60ca0 is-active\" data-item-id=\"6c60ca0\">\n\t<div class=\"jet-hor-timeline-item__point\"><div class=\"jet-hor-timeline-item__point-content\">3<\/div><\/div><\/div>\n<\/div>\t\t\t<div class=\"jet-hor-timeline-list jet-hor-timeline-list--bottom\">\n<div class=\"jet-hor-timeline-item elementor-repeater-item-53b9b53 is-active\" data-item-id=\"53b9b53\">\n\t\t\t\n<div class=\"jet-hor-timeline-item__card\">\n\t<div class=\"jet-hor-timeline-item__card-inner\">\n\t\t<h4 class=\"jet-hor-timeline-item__card-title\">Spot<\/h4><div class=\"jet-hor-timeline-item__card-desc\">Identifique las tendencias clave en envases que son esenciales para el \u00e9xito y ofrecen oportunidades para optimizar su canal de innovaci\u00f3n.<\/div>\t<\/div>\n\t\t\t<div class=\"jet-hor-timeline-item__card-arrow\"><\/div>\n\t<\/div>\n\t<\/div>\n\n<div class=\"jet-hor-timeline-item elementor-repeater-item-9626f62 is-active\" data-item-id=\"9626f62\">\n\t\t\t\n<div class=\"jet-hor-timeline-item__card\">\n\t<div class=\"jet-hor-timeline-item__card-inner\">\n\t\t<h4 class=\"jet-hor-timeline-item__card-title\">Alcance<\/h4><div class=\"jet-hor-timeline-item__card-desc\">Inspiraci\u00f3n a partir de visualizaciones detalladas de envases, que abarcan categor\u00edas y mercados.<\/div>\t<\/div>\n\t\t\t<div class=\"jet-hor-timeline-item__card-arrow\"><\/div>\n\t<\/div>\n\t<\/div>\n\n<div class=\"jet-hor-timeline-item elementor-repeater-item-6c60ca0 is-active\" data-item-id=\"6c60ca0\">\n\t\t\t\n<div class=\"jet-hor-timeline-item__card\">\n\t<div class=\"jet-hor-timeline-item__card-inner\">\n\t\t<h4 class=\"jet-hor-timeline-item__card-title\">Desarrollar<\/h4><div class=\"jet-hor-timeline-item__card-desc\">C\u00e9ntrese en las soluciones adecuadas para su proyecto, aprendiendo de lanzamientos anteriores y de ejemplos existentes en el mercado.<\/div>\t<\/div>\n\t\t\t<div class=\"jet-hor-timeline-item__card-arrow\"><\/div>\n\t<\/div>\n\t<\/div>\n<\/div>\t\t<\/div>\n\t<\/div>\n\t<\/div><\/div>\t\t\t\t<\/div>\n\t\t\t\t<\/div>\n\t\t\t\t\t<\/div>\n\t\t\t\t<\/div>\n\t\t<div class=\"elementor-element elementor-element-595b9a0 innova-container e-flex e-con-boxed e-con e-parent\" data-id=\"595b9a0\" data-element_type=\"container\" data-e-type=\"container\" data-settings=\"{&quot;background_background&quot;:&quot;classic&quot;}\">\n\t\t\t\t\t<div class=\"e-con-inner\">\n\t\t<div class=\"elementor-element elementor-element-324b247 e-con-full e-flex e-con e-child\" data-id=\"324b247\" data-element_type=\"container\" data-e-type=\"container\">\n\t\t\t\t<div class=\"elementor-element elementor-element-d73e777 innova-heading-large elementor-widget elementor-widget-heading\" data-id=\"d73e777\" data-element_type=\"widget\" data-e-type=\"widget\" data-widget_type=\"heading.default\">\n\t\t\t\t<div class=\"elementor-widget-container\">\n\t\t\t\t\t<h3 class=\"elementor-heading-title elementor-size-xl\">Insp\u00edrate<\/h3>\t\t\t\t<\/div>\n\t\t\t\t<\/div>\n\t\t\t\t<div class=\"elementor-element elementor-element-cb18105 elementor-widget elementor-widget-text-editor\" data-id=\"cb18105\" data-element_type=\"widget\" data-e-type=\"widget\" data-widget_type=\"text-editor.default\">\n\t\t\t\t<div class=\"elementor-widget-container\">\n\t\t\t\t\t\t\t\t\t<p>El envase debe satisfacer muchas exigencias, desde las funcionales hasta las est\u00e9ticas. Descubra algunas de las innovaciones que impulsan al sector.<\/p>\n\t\t\t\t\t\t\t\t<\/div>\n\t\t\t\t<\/div>\n\t\t\t\t<\/div>\n\t\t<div class=\"elementor-element elementor-element-99a7670 e-con-full e-flex e-con e-child\" data-id=\"99a7670\" data-element_type=\"container\" data-e-type=\"container\">\n\t\t\t\t<div class=\"elementor-element elementor-element-277de4c elementor-widget elementor-widget-global elementor-global-20857 elementor-global-19328 elementor-widget-loop-carousel\" data-id=\"277de4c\" data-element_type=\"widget\" data-e-type=\"widget\" data-settings=\"{&quot;template_id&quot;:20823,&quot;autoplay_speed&quot;:4000,&quot;_skin&quot;:&quot;post&quot;,&quot;slides_to_show&quot;:&quot;3&quot;,&quot;slides_to_show_tablet&quot;:&quot;2&quot;,&quot;slides_to_show_mobile&quot;:&quot;1&quot;,&quot;slides_to_scroll&quot;:&quot;1&quot;,&quot;edit_handle_selector&quot;:&quot;.elementor-loop-container&quot;,&quot;autoplay&quot;:&quot;yes&quot;,&quot;pause_on_hover&quot;:&quot;yes&quot;,&quot;pause_on_interaction&quot;:&quot;yes&quot;,&quot;infinite&quot;:&quot;yes&quot;,&quot;speed&quot;:500,&quot;offset_sides&quot;:&quot;none&quot;,&quot;image_spacing_custom&quot;:{&quot;unit&quot;:&quot;px&quot;,&quot;size&quot;:10,&quot;sizes&quot;:[]},&quot;image_spacing_custom_tablet&quot;:{&quot;unit&quot;:&quot;px&quot;,&quot;size&quot;:&quot;&quot;,&quot;sizes&quot;:[]},&quot;image_spacing_custom_mobile&quot;:{&quot;unit&quot;:&quot;px&quot;,&quot;size&quot;:&quot;&quot;,&quot;sizes&quot;:[]}}\" data-widget_type=\"loop-carousel.post\">\n\t\t\t\t<div class=\"elementor-widget-container\">\n\t\t\t\t\t\t\t<div class=\"e-loop-nothing-found-message\">\n\t\t<\/div>\n\t\t\t\t\t\t<\/div>\n\t\t\t\t<\/div>\n\t\t\t\t<\/div>\n\t\t\t\t\t<\/div>\n\t\t\t\t<\/div>\n\t\t\t\t<\/div>\n\t\t","protected":false},"excerpt":{"rendered":"<p>Envases Insights Consiga demo Seguimiento detallado de los envases, incluidos formatos, materiales, cierres y declaraciones medioambientales. Examinar las estrategias de envase de marcas y empresas concretas. Aprenda de los protagonistas m\u00e1s innovadores de este espacio. La encuesta mundial anual sobre envases de Innova le permite conocer la evoluci\u00f3n de las expectativas de los consumidores. Nuestra [&hellip;]<\/p>\n","protected":false},"author":32,"featured_media":0,"parent":16314,"menu_order":0,"comment_status":"closed","ping_status":"closed","template":"","meta":{"_acf_changed":false,"inline_featured_image":false,"footnotes":""},"class_list":["post-16335","page","type-page","status-publish","hentry"],"acf":[],"_links":{"self":[{"href":"https:\/\/test.innovamarketinsights.com\/es\/wp-json\/wp\/v2\/pages\/16335","targetHints":{"allow":["GET"]}}],"collection":[{"href":"https:\/\/test.innovamarketinsights.com\/es\/wp-json\/wp\/v2\/pages"}],"about":[{"href":"https:\/\/test.innovamarketinsights.com\/es\/wp-json\/wp\/v2\/types\/page"}],"author":[{"embeddable":true,"href":"https:\/\/test.innovamarketinsights.com\/es\/wp-json\/wp\/v2\/users\/32"}],"replies":[{"embeddable":true,"href":"https:\/\/test.innovamarketinsights.com\/es\/wp-json\/wp\/v2\/comments?post=16335"}],"version-history":[{"count":10,"href":"https:\/\/test.innovamarketinsights.com\/es\/wp-json\/wp\/v2\/pages\/16335\/revisions"}],"predecessor-version":[{"id":20885,"href":"https:\/\/test.innovamarketinsights.com\/es\/wp-json\/wp\/v2\/pages\/16335\/revisions\/20885"}],"up":[{"embeddable":true,"href":"https:\/\/test.innovamarketinsights.com\/es\/wp-json\/wp\/v2\/pages\/16314"}],"wp:attachment":[{"href":"https:\/\/test.innovamarketinsights.com\/es\/wp-json\/wp\/v2\/media?parent=16335"}],"curies":[{"name":"wp","href":"https:\/\/api.w.org\/{rel}","templated":true}]}}