{"id":14501,"date":"2022-12-02T14:28:17","date_gmt":"2022-12-02T13:28:17","guid":{"rendered":"https:\/\/innova.moreawesome.co\/declaracion-de-confidencialidad\/"},"modified":"2023-11-01T11:15:35","modified_gmt":"2023-11-01T10:15:35","slug":"declaracion-de-confidencialidad","status":"publish","type":"page","link":"https:\/\/test.innovamarketinsights.com\/es\/declaracion-de-confidencialidad\/","title":{"rendered":"Declaraci\u00f3n de confidencialidad"},"content":{"rendered":"\t\t<div data-elementor-type=\"wp-page\" data-elementor-id=\"14501\" class=\"elementor elementor-14501 elementor-5338\" data-elementor-post-type=\"page\">\n\t\t\t\t<div class=\"elementor-element elementor-element-a4953e1 innove-header e-flex e-con-boxed e-con e-parent\" data-id=\"a4953e1\" data-element_type=\"container\" data-e-type=\"container\" data-settings=\"{&quot;background_background&quot;:&quot;classic&quot;}\">\n\t\t\t\t\t<div class=\"e-con-inner\">\n\t\t<div class=\"elementor-element elementor-element-31cae9a9 e-con-full e-flex e-con e-child\" data-id=\"31cae9a9\" data-element_type=\"container\" data-e-type=\"container\">\n\t\t\t\t<div class=\"elementor-element elementor-element-3f227e4a elementor-widget__width-initial elementor-widget elementor-widget-heading\" data-id=\"3f227e4a\" data-element_type=\"widget\" data-e-type=\"widget\" data-widget_type=\"heading.default\">\n\t\t\t\t<div class=\"elementor-widget-container\">\n\t\t\t\t\t<h1 class=\"elementor-heading-title elementor-size-default\">Declaraci\u00f3n de confidencialidad<\/h1>\t\t\t\t<\/div>\n\t\t\t\t<\/div>\n\t\t\t\t<\/div>\n\t\t\t\t<div class=\"elementor-element elementor-element-61ffc6c4 elementor-widget elementor-widget-spacer\" data-id=\"61ffc6c4\" data-element_type=\"widget\" data-e-type=\"widget\" data-widget_type=\"spacer.default\">\n\t\t\t\t<div class=\"elementor-widget-container\">\n\t\t\t\t\t\t\t<div class=\"elementor-spacer\">\n\t\t\t<div class=\"elementor-spacer-inner\"><\/div>\n\t\t<\/div>\n\t\t\t\t\t\t<\/div>\n\t\t\t\t<\/div>\n\t\t\t\t\t<\/div>\n\t\t\t\t<\/div>\n\t\t<div class=\"elementor-element elementor-element-980d844 innova-container e-flex e-con-boxed e-con e-parent\" data-id=\"980d844\" data-element_type=\"container\" data-e-type=\"container\" data-settings=\"{&quot;background_background&quot;:&quot;classic&quot;}\">\n\t\t\t\t\t<div class=\"e-con-inner\">\n\t\t\t\t<div class=\"elementor-element elementor-element-6c90612 elementor-widget elementor-widget-heading\" data-id=\"6c90612\" data-element_type=\"widget\" data-e-type=\"widget\" data-widget_type=\"heading.default\">\n\t\t\t\t<div class=\"elementor-widget-container\">\n\t\t\t\t\t<h4 class=\"elementor-heading-title elementor-size-default\">Declaraci\u00f3n de confidencialidad<\/h4>\t\t\t\t<\/div>\n\t\t\t\t<\/div>\n\t\t\t\t<div class=\"elementor-element elementor-element-166117c elementor-widget__width-initial elementor-widget elementor-widget-text-editor\" data-id=\"166117c\" data-element_type=\"widget\" data-e-type=\"widget\" data-widget_type=\"text-editor.default\">\n\t\t\t\t<div class=\"elementor-widget-container\">\n\t\t\t\t\t\t\t\t\t<p>En Innova Market Insights nos comprometemos a proteger su privacidad proporcion\u00e1ndole un entorno en l\u00ednea seguro. Nuestra Declaraci\u00f3n de Privacidad est\u00e1 en consonancia con las leyes de protecci\u00f3n de datos que entraron en vigor el 25 de mayo de 2018.<br \/>Dado que con frecuencia manejamos sus datos sensibles, nuestro objetivo es que nuestra Declaraci\u00f3n de Privacidad sea lo m\u00e1s transparente y f\u00e1cil de entender posible, en lo que respecta a qu\u00e9 informaci\u00f3n recopilamos, c\u00f3mo se utiliza y almacena, y cu\u00e1les son sus derechos en relaci\u00f3n con sus datos personales. Le rogamos que aproveche esta oportunidad para revisar nuestra Declaraci\u00f3n de Privacidad. Aprovechamos esta oportunidad para asegurarnos de que nuestros clientes est\u00e1n bien informados sobre el tratamiento de sus datos.<\/p>\n<p>Esta Declaraci\u00f3n de privacidad describe las pr\u00e1cticas de privacidad de Innova Market Insights B.V. (\u00abInnova Market Insights\u00bb, \u00abla Empresa\u00bb, \u00abnosotros\u00bb, \u00abnuestro\u00bb o \u00abnos\u00bb). Nuestra Declaraci\u00f3n de Privacidad se aplica a todas y cada una de las plataformas y sitios web propiedad de Innova Market Insights. Explica c\u00f3mo podemos utilizar su informaci\u00f3n personal y proporciona una visi\u00f3n general de c\u00f3mo protegemos su privacidad durante la interacci\u00f3n con nosotros.<\/p>\n\t\t\t\t\t\t\t\t<\/div>\n\t\t\t\t<\/div>\n\t\t\t\t<div class=\"elementor-element elementor-element-1fd356c elementor-widget elementor-widget-heading\" data-id=\"1fd356c\" data-element_type=\"widget\" data-e-type=\"widget\" data-widget_type=\"heading.default\">\n\t\t\t\t<div class=\"elementor-widget-container\">\n\t\t\t\t\t<h4 class=\"elementor-heading-title elementor-size-default\">\u00cdndice<\/h4>\t\t\t\t<\/div>\n\t\t\t\t<\/div>\n\t\t\t\t<div class=\"elementor-element elementor-element-76b50ef elementor-widget__width-initial elementor-widget elementor-widget-text-editor\" data-id=\"76b50ef\" data-element_type=\"widget\" data-e-type=\"widget\" data-widget_type=\"text-editor.default\">\n\t\t\t\t<div class=\"elementor-widget-container\">\n\t\t\t\t\t\t\t\t\t<p>1. Recogida de datos personales<br \/>2. Uso de datos personales<br \/>3. Actividades de contrataci\u00f3n<br \/>4. Socios comerciales y otros proveedores<br \/>5. 5. Conservaci\u00f3n de datos<br \/>6. Uso internacional de los sitios web<br \/>7. Cookies<br \/>8. Derechos de informaci\u00f3n sobre sus datos personales<br \/>9. Enlaces y usos de terceros<br \/>10. Aplicaci\u00f3n de esta declaraci\u00f3n de confidencialidad<br \/>11. Informaci\u00f3n de contacto de la empresa<\/p>\n\t\t\t\t\t\t\t\t<\/div>\n\t\t\t\t<\/div>\n\t\t\t\t<div class=\"elementor-element elementor-element-a813bd8 elementor-widget elementor-widget-heading\" data-id=\"a813bd8\" data-element_type=\"widget\" data-e-type=\"widget\" data-widget_type=\"heading.default\">\n\t\t\t\t<div class=\"elementor-widget-container\">\n\t\t\t\t\t<h4 class=\"elementor-heading-title elementor-size-default\">1. Recogida de datos personales<\/h4>\t\t\t\t<\/div>\n\t\t\t\t<\/div>\n\t\t\t\t<div class=\"elementor-element elementor-element-ae1b70e elementor-widget__width-initial elementor-widget elementor-widget-text-editor\" data-id=\"ae1b70e\" data-element_type=\"widget\" data-e-type=\"widget\" data-widget_type=\"text-editor.default\">\n\t\t\t\t<div class=\"elementor-widget-container\">\n\t\t\t\t\t\t\t\t\t<p>Recopilamos su informaci\u00f3n de dos maneras: (1) directamente: incluyendo informaci\u00f3n personal, como el nombre y la direcci\u00f3n de correo electr\u00f3nico que nos proporciona cuando se suscribe a nuestros servicios: seminarios web, correo y registro de invitados en nuestro sitio web, escaneando su tarjeta de identificaci\u00f3n en exposiciones, entregando su tarjeta de visita y (2) indirectamente: como cuando visita nuestro sitio web, algunos detalles t\u00e9cnicos se suministrar\u00e1n autom\u00e1ticamente a nuestros ordenadores a trav\u00e9s de su dispositivo, como la direcci\u00f3n IP, el sistema operativo y el navegador de Internet utilizado.<br \/>La informaci\u00f3n personal recopilada (1) directamente de usted puede contener los siguientes datos:<\/p>\n<ul>\n<li>Correo electr\u00f3nico<\/li>\n<li>Fecha del contacto<\/li>\n<li>Empresa<\/li>\n<li>Puesto<\/li>\n<li>Ubicaci\u00f3n<\/li>\n<li>Nombre<\/li>\n<li>Intereses profesionales<\/li>\n<li>Sector de actividad<\/li>\n<\/ul>\n\t\t\t\t\t\t\t\t<\/div>\n\t\t\t\t<\/div>\n\t\t\t\t<div class=\"elementor-element elementor-element-5e608eb elementor-widget elementor-widget-heading\" data-id=\"5e608eb\" data-element_type=\"widget\" data-e-type=\"widget\" data-widget_type=\"heading.default\">\n\t\t\t\t<div class=\"elementor-widget-container\">\n\t\t\t\t\t<h4 class=\"elementor-heading-title elementor-size-default\">2. Uso de datos personales<\/h4>\t\t\t\t<\/div>\n\t\t\t\t<\/div>\n\t\t\t\t<div class=\"elementor-element elementor-element-54bca54 elementor-widget__width-initial elementor-widget elementor-widget-text-editor\" data-id=\"54bca54\" data-element_type=\"widget\" data-e-type=\"widget\" data-widget_type=\"text-editor.default\">\n\t\t\t\t<div class=\"elementor-widget-container\">\n\t\t\t\t\t\t\t\t\t<p>Utilizamos los datos recogidos de las siguientes maneras:<\/p>\n<ul>\n<li>Para proporcionarle nuestros servicios: boletines, correos de tendencias, documentos t\u00e9cnicos, seminarios web, infogr\u00e1ficos, comunicados de prensa, anuncios previos y posteriores a ferias<\/li>\n<li>Llevar a cabo actividades de venta, como llamadas en fr\u00edo, seguimiento de clientes potenciales, acuerdos de venta y encargos, que impliquen a las plataformas Innova.\u00bb<\/li>\n<li>Generar informaci\u00f3n sobre el tr\u00e1fico para comprender c\u00f3mo interact\u00faan los usuarios con nuestra plataforma y c\u00f3mo podemos mejorar nuestros servicios.<\/li>\n<li>Elaborar estad\u00edsticas sobre el uso de nuestros servicios.<\/li>\n<li>Para proteger a\u00fan m\u00e1s nuestros productos y servicios contra el uso indebido.<\/li>\n<li>Garantizar la complicidad con todas las obligaciones legales que nos son aplicables.<\/li>\n<li>Guardar su configuraci\u00f3n y preferencias para evitar que tenga que volver a introducir esta informaci\u00f3n.<\/li>\n<li>Para ponernos en contacto con usted, por ejemplo, para hacer un seguimiento de su visita a nuestras exposiciones y proporcionarle informaci\u00f3n adicional sobre nuestros servicios.\n<\/li>\n<\/ul>\n<p>El tratamiento de sus datos personales de cualquier otra forma s\u00f3lo tendr\u00e1 lugar si nos ha dado su permiso inequ\u00edvoco para dicho tratamiento adicional.<\/p>\n\t\t\t\t\t\t\t\t<\/div>\n\t\t\t\t<\/div>\n\t\t\t\t<div class=\"elementor-element elementor-element-b4cdf97 elementor-widget elementor-widget-heading\" data-id=\"b4cdf97\" data-element_type=\"widget\" data-e-type=\"widget\" data-widget_type=\"heading.default\">\n\t\t\t\t<div class=\"elementor-widget-container\">\n\t\t\t\t\t<h4 class=\"elementor-heading-title elementor-size-default\">3. Actividades de contrataci\u00f3n<\/h4>\t\t\t\t<\/div>\n\t\t\t\t<\/div>\n\t\t\t\t<div class=\"elementor-element elementor-element-00ba6fc elementor-widget__width-initial elementor-widget elementor-widget-text-editor\" data-id=\"00ba6fc\" data-element_type=\"widget\" data-e-type=\"widget\" data-widget_type=\"text-editor.default\">\n\t\t\t\t<div class=\"elementor-widget-container\">\n\t\t\t\t\t\t\t\t\t<p>Tratamos los datos personales de los solicitantes de empleo, incluidos en cualquier caso los datos de contacto, el curr\u00edculum vitae (datos personales del solicitante) y la carta de motivaci\u00f3n, para poder evaluar las solicitudes y comunicarnos con los solicitantes sobre el procedimiento en curso y otros puestos interesantes. Una evaluaci\u00f3n puede formar parte del proceso de solicitud. En ese caso, tambi\u00e9n se procesar\u00e1n los resultados de la evaluaci\u00f3n.<br \/>S\u00f3lo compartiremos sus datos con otras empresas, como empresas de evaluaci\u00f3n, de acuerdo con los objetivos del tratamiento de esos datos.<\/p>\n\t\t\t\t\t\t\t\t<\/div>\n\t\t\t\t<\/div>\n\t\t\t\t<div class=\"elementor-element elementor-element-cb03f4f elementor-widget elementor-widget-heading\" data-id=\"cb03f4f\" data-element_type=\"widget\" data-e-type=\"widget\" data-widget_type=\"heading.default\">\n\t\t\t\t<div class=\"elementor-widget-container\">\n\t\t\t\t\t<h4 class=\"elementor-heading-title elementor-size-default\">4. Socios comerciales y otros proveedores<\/h4>\t\t\t\t<\/div>\n\t\t\t\t<\/div>\n\t\t\t\t<div class=\"elementor-element elementor-element-085e4f8 elementor-widget__width-initial elementor-widget elementor-widget-text-editor\" data-id=\"085e4f8\" data-element_type=\"widget\" data-e-type=\"widget\" data-widget_type=\"text-editor.default\">\n\t\t\t\t<div class=\"elementor-widget-container\">\n\t\t\t\t\t\t\t\t\t<p>Podemos compartir su informaci\u00f3n con empresas afiliadas o terceros, incluidos, entre otros, los proveedores que nos proporcionan la tecnolog\u00eda para desplegar nuestros servicios. En estos casos, se lo notificaremos espec\u00edficamente con antelaci\u00f3n y le informaremos sobre la Declaraci\u00f3n de privacidad de la parte receptora, si procede.<\/p>\n\t\t\t\t\t\t\t\t<\/div>\n\t\t\t\t<\/div>\n\t\t\t\t<div class=\"elementor-element elementor-element-7d7f6f7 elementor-widget elementor-widget-heading\" data-id=\"7d7f6f7\" data-element_type=\"widget\" data-e-type=\"widget\" data-widget_type=\"heading.default\">\n\t\t\t\t<div class=\"elementor-widget-container\">\n\t\t\t\t\t<h4 class=\"elementor-heading-title elementor-size-default\">5. 5. Conservaci\u00f3n de datos<\/h4>\t\t\t\t<\/div>\n\t\t\t\t<\/div>\n\t\t\t\t<div class=\"elementor-element elementor-element-4c5f6e7 elementor-widget__width-initial elementor-widget elementor-widget-text-editor\" data-id=\"4c5f6e7\" data-element_type=\"widget\" data-e-type=\"widget\" data-widget_type=\"text-editor.default\">\n\t\t\t\t<div class=\"elementor-widget-container\">\n\t\t\t\t\t\t\t\t\t<p>A menos que recibamos una solicitud de eliminaci\u00f3n, conservaremos su informaci\u00f3n. No conservamos sus datos personales m\u00e1s tiempo del necesario para los fines para los que nos los envi\u00f3.<\/p>\n\t\t\t\t\t\t\t\t<\/div>\n\t\t\t\t<\/div>\n\t\t\t\t<div class=\"elementor-element elementor-element-7313168 elementor-widget elementor-widget-heading\" data-id=\"7313168\" data-element_type=\"widget\" data-e-type=\"widget\" data-widget_type=\"heading.default\">\n\t\t\t\t<div class=\"elementor-widget-container\">\n\t\t\t\t\t<h4 class=\"elementor-heading-title elementor-size-default\">6. Uso internacional de los sitios web<\/h4>\t\t\t\t<\/div>\n\t\t\t\t<\/div>\n\t\t\t\t<div class=\"elementor-element elementor-element-fb3e2d8 elementor-widget__width-initial elementor-widget elementor-widget-text-editor\" data-id=\"fb3e2d8\" data-element_type=\"widget\" data-e-type=\"widget\" data-widget_type=\"text-editor.default\">\n\t\t\t\t<div class=\"elementor-widget-container\">\n\t\t\t\t\t\t\t\t\t<p>Nuestro sitio web se gestiona en parte en servidores situados en los Pa\u00edses Bajos, pero se puede acceder a \u00e9l en l\u00ednea en todo el mundo. La legislaci\u00f3n de la UE en materia de privacidad y protecci\u00f3n (GDPR) se respetar\u00e1 cuando proceda, y nos aseguramos de que sus datos personales est\u00e9n protegidos por nuestra Declaraci\u00f3n de privacidad m\u00e1s all\u00e1 de las fronteras de la UE.<\/p>\n\t\t\t\t\t\t\t\t<\/div>\n\t\t\t\t<\/div>\n\t\t\t\t<div class=\"elementor-element elementor-element-ba2ef66 elementor-widget elementor-widget-heading\" data-id=\"ba2ef66\" data-element_type=\"widget\" data-e-type=\"widget\" data-widget_type=\"heading.default\">\n\t\t\t\t<div class=\"elementor-widget-container\">\n\t\t\t\t\t<h4 class=\"elementor-heading-title elementor-size-default\">7. Cookies<\/h4>\t\t\t\t<\/div>\n\t\t\t\t<\/div>\n\t\t\t\t<div class=\"elementor-element elementor-element-02d7f48 elementor-widget__width-initial elementor-widget elementor-widget-text-editor\" data-id=\"02d7f48\" data-element_type=\"widget\" data-e-type=\"widget\" data-widget_type=\"text-editor.default\">\n\t\t\t\t<div class=\"elementor-widget-container\">\n\t\t\t\t\t\t\t\t\t<p>Las cookies son identificadores \u00fanicos que almacenan informaci\u00f3n sobre su visita a nuestros sitios web. Una cookie es un peque\u00f1o archivo de informaci\u00f3n que puede indicar, por ejemplo, c\u00f3mo entr\u00f3 en nuestro sitio web, c\u00f3mo naveg\u00f3 por \u00e9l, el tiempo que pas\u00f3 en una p\u00e1gina determinada y qu\u00e9 informaci\u00f3n le interes\u00f3. Utilizamos cookies con fines de seguimiento y optimizaci\u00f3n de las ventas. Las caracter\u00edsticas de los usuarios se explican detalladamente a lo largo de esta Declaraci\u00f3n de Privacidad.<br \/>La mayor\u00eda de los navegadores ofrecen herramientas\/preferencias para hacer an\u00f3nimas las visitas a los sitios web. Sin embargo, si su navegador no acepta las cookies de nuestros sitios web, es posible que no pueda acceder, ver o utilizar todas las funciones de los sitios web.<br \/>Nuestros sitios web utilizan Google Analytics, un servicio de an\u00e1lisis web ofrecido por Google Inc. (\u00abGoogle\u00bb TM). Google Analytics utiliza \u00abcookies\u00bb para ayudar a los sitios web a analizar c\u00f3mo los usuarios utilizan sus sitios. La informaci\u00f3n generada por la cookie, relativa a su uso de los sitios web (incluida su direcci\u00f3n IP), se transfiere a Google y se almacena en los servidores ubicados en Estados Unidos.<br \/>Google utiliza esta informaci\u00f3n para hacer un seguimiento de su uso de los sitios web, generar informes sobre la actividad del sitio web para los operadores del sitio web y ofrecer otros servicios relacionados con la actividad del sitio web y el uso de Internet.<br \/>Google podr\u00e1 transmitir dicha informaci\u00f3n a terceros cuando as\u00ed se lo requiera la legislaci\u00f3n, o cuando dichos terceros procesen la informaci\u00f3n por cuenta de Google. Google no relacionar\u00e1 su direcci\u00f3n IP con ning\u00fan otro dato del que disponga sobre usted.<br \/>Puede rechazar el uso de cookies a trav\u00e9s de los ajustes u opciones de su navegador. No obstante, le recordamos que no podr\u00e1 utilizar todas las opciones de los sitios web. Si no desea que Google Analytics realice un seguimiento de su visita al sitio web, s\u00f3lo tiene que descargar una herramienta a trav\u00e9s de: Google Analytics Opt-out Browser Add-on que bloquear\u00e1 Google Analytics. Al utilizar nuestros sitios web, usted consiente el tratamiento de informaci\u00f3n por Google, en la forma y para los fines aqu\u00ed descritos.<\/p>\n\t\t\t\t\t\t\t\t<\/div>\n\t\t\t\t<\/div>\n\t\t\t\t<div class=\"elementor-element elementor-element-0b88816 elementor-widget elementor-widget-heading\" data-id=\"0b88816\" data-element_type=\"widget\" data-e-type=\"widget\" data-widget_type=\"heading.default\">\n\t\t\t\t<div class=\"elementor-widget-container\">\n\t\t\t\t\t<h4 class=\"elementor-heading-title elementor-size-default\">8. Nuestros derechos de informaci\u00f3n sobre datos personales<\/h4>\t\t\t\t<\/div>\n\t\t\t\t<\/div>\n\t\t\t\t<div class=\"elementor-element elementor-element-25bbe25 elementor-widget__width-initial elementor-widget elementor-widget-text-editor\" data-id=\"25bbe25\" data-element_type=\"widget\" data-e-type=\"widget\" data-widget_type=\"text-editor.default\">\n\t\t\t\t<div class=\"elementor-widget-container\">\n\t\t\t\t\t\t\t\t\t<p>En todo momento, Innova Market Insights respetar\u00e1 los siguientes derechos relativos a sus datos personales:<\/p>\n<ul>\n<li>Derecho de rectificaci\u00f3n: puede solicitar que se actualicen o corrijan sus datos.<\/li>\n<li>Derecho al olvido: puede solicitar que su informaci\u00f3n se elimine de forma permanente.<\/li>\n<li>Derecho de portabilidad: puede solicitar que su informaci\u00f3n se transfiera a otra organizaci\u00f3n.<\/li>\n<li>Derecho de oposici\u00f3n: puede solicitar que se proh\u00edban determinados usos de sus datos personales.<\/li>\n<li>Derecho de acceso: tiene derecho a saber qu\u00e9 datos personales se han recopilado sobre usted y c\u00f3mo se est\u00e1n utilizando.<\/li>\n<\/ul>\n<p>Para cualquiera de las solicitudes anteriores relativas a sus datos personales, puede ponerse en contacto con nuestro responsable del tratamiento de datos en contact@innovami.com.<\/p>\n\t\t\t\t\t\t\t\t<\/div>\n\t\t\t\t<\/div>\n\t\t\t\t<div class=\"elementor-element elementor-element-95d90f7 elementor-widget elementor-widget-heading\" data-id=\"95d90f7\" data-element_type=\"widget\" data-e-type=\"widget\" data-widget_type=\"heading.default\">\n\t\t\t\t<div class=\"elementor-widget-container\">\n\t\t\t\t\t<h4 class=\"elementor-heading-title elementor-size-default\">9. Enlaces y usos de terceros<\/h4>\t\t\t\t<\/div>\n\t\t\t\t<\/div>\n\t\t\t\t<div class=\"elementor-element elementor-element-baccf21 elementor-widget__width-initial elementor-widget elementor-widget-text-editor\" data-id=\"baccf21\" data-element_type=\"widget\" data-e-type=\"widget\" data-widget_type=\"text-editor.default\">\n\t\t\t\t<div class=\"elementor-widget-container\">\n\t\t\t\t\t\t\t\t\t<p>Podemos compartir su informaci\u00f3n con funcionarios encargados de hacer cumplir la ley o agencias gubernamentales: (1) en respuesta a su solicitud; (2) cuando lo permita o exija la ley; o (3) para establecer nuestro cumplimiento de las leyes, normas, reglamentos o directrices aplicables.<br \/>Nuestros sitios web pueden ofrecer enlaces a otros sitios web. Otros sitios web tienen sus propias condiciones de uso y pol\u00edticas de privacidad y seguridad. Si decide visitar uno de estos sitios, debe revisar las pol\u00edticas que rigen ese sitio en particular.<\/p>\n\t\t\t\t\t\t\t\t<\/div>\n\t\t\t\t<\/div>\n\t\t\t\t<div class=\"elementor-element elementor-element-8f40794 elementor-widget elementor-widget-heading\" data-id=\"8f40794\" data-element_type=\"widget\" data-e-type=\"widget\" data-widget_type=\"heading.default\">\n\t\t\t\t<div class=\"elementor-widget-container\">\n\t\t\t\t\t<h4 class=\"elementor-heading-title elementor-size-default\">10. Aplicaci\u00f3n de esta declaraci\u00f3n de confidencialidad<\/h4>\t\t\t\t<\/div>\n\t\t\t\t<\/div>\n\t\t\t\t<div class=\"elementor-element elementor-element-20d8262 elementor-widget__width-initial elementor-widget elementor-widget-text-editor\" data-id=\"20d8262\" data-element_type=\"widget\" data-e-type=\"widget\" data-widget_type=\"text-editor.default\">\n\t\t\t\t<div class=\"elementor-widget-container\">\n\t\t\t\t\t\t\t\t\t<p>Esta Declaraci\u00f3n de privacidad se aplica a toda la informaci\u00f3n recopilada o enviada a Innova Market Insights. Otras entidades afiliadas pueden obtener informaci\u00f3n independientemente de las transacciones y experiencias con usted o de otras fuentes. La presente Declaraci\u00f3n de confidencialidad no se refiere a dicha informaci\u00f3n.<\/p>\n\t\t\t\t\t\t\t\t<\/div>\n\t\t\t\t<\/div>\n\t\t\t\t<div class=\"elementor-element elementor-element-5279c3f elementor-widget elementor-widget-heading\" data-id=\"5279c3f\" data-element_type=\"widget\" data-e-type=\"widget\" data-widget_type=\"heading.default\">\n\t\t\t\t<div class=\"elementor-widget-container\">\n\t\t\t\t\t<h4 class=\"elementor-heading-title elementor-size-default\">11. Informaci\u00f3n de contacto de la empresa<\/h4>\t\t\t\t<\/div>\n\t\t\t\t<\/div>\n\t\t\t\t<div class=\"elementor-element elementor-element-c3523d6 elementor-widget__width-initial elementor-widget elementor-widget-text-editor\" data-id=\"c3523d6\" data-element_type=\"widget\" data-e-type=\"widget\" data-widget_type=\"text-editor.default\">\n\t\t\t\t<div class=\"elementor-widget-container\">\n\t\t\t\t\t\t\t\t\t<p>Si tiene cualquier otra pregunta sobre nuestra Declaraci\u00f3n de privacidad o sobre la recopilaci\u00f3n de sus datos personales, p\u00f3ngase en contacto con nuestro Responsable del tratamiento de datos en Innova Market Insights, Velperweg 18, 6824 BH, Arnhem, Pa\u00edses Bajos. Tambi\u00e9n puede enviarnos un correo electr\u00f3nico a contact@innovami.com o llamarnos al +31 26 319 2000.<br \/>Esta Declaraci\u00f3n de Privacidad puede actualizarse a discreci\u00f3n de la Empresa y la fecha de la revisi\u00f3n m\u00e1s reciente se publicar\u00e1 en la parte superior de la p\u00e1gina web de la Declaraci\u00f3n de Privacidad.<\/p>\n\t\t\t\t\t\t\t\t<\/div>\n\t\t\t\t<\/div>\n\t\t\t\t\t<\/div>\n\t\t\t\t<\/div>\n\t\t\t\t<\/div>\n\t\t","protected":false},"excerpt":{"rendered":"<p>Declaraci\u00f3n de confidencialidad Declaraci\u00f3n de confidencialidad En Innova Market Insights nos comprometemos a proteger su privacidad proporcion\u00e1ndole un entorno en l\u00ednea seguro. Nuestra Declaraci\u00f3n de Privacidad est\u00e1 en consonancia con las leyes de protecci\u00f3n de datos que entraron en vigor el 25 de mayo de 2018.Dado que con frecuencia manejamos sus datos sensibles, nuestro objetivo [&hellip;]<\/p>\n","protected":false},"author":32,"featured_media":0,"parent":0,"menu_order":0,"comment_status":"closed","ping_status":"closed","template":"","meta":{"_acf_changed":false,"inline_featured_image":false,"footnotes":""},"class_list":["post-14501","page","type-page","status-publish","hentry"],"acf":[],"_links":{"self":[{"href":"https:\/\/test.innovamarketinsights.com\/es\/wp-json\/wp\/v2\/pages\/14501","targetHints":{"allow":["GET"]}}],"collection":[{"href":"https:\/\/test.innovamarketinsights.com\/es\/wp-json\/wp\/v2\/pages"}],"about":[{"href":"https:\/\/test.innovamarketinsights.com\/es\/wp-json\/wp\/v2\/types\/page"}],"author":[{"embeddable":true,"href":"https:\/\/test.innovamarketinsights.com\/es\/wp-json\/wp\/v2\/users\/32"}],"replies":[{"embeddable":true,"href":"https:\/\/test.innovamarketinsights.com\/es\/wp-json\/wp\/v2\/comments?post=14501"}],"version-history":[{"count":3,"href":"https:\/\/test.innovamarketinsights.com\/es\/wp-json\/wp\/v2\/pages\/14501\/revisions"}],"predecessor-version":[{"id":14504,"href":"https:\/\/test.innovamarketinsights.com\/es\/wp-json\/wp\/v2\/pages\/14501\/revisions\/14504"}],"wp:attachment":[{"href":"https:\/\/test.innovamarketinsights.com\/es\/wp-json\/wp\/v2\/media?parent=14501"}],"curies":[{"name":"wp","href":"https:\/\/api.w.org\/{rel}","templated":true}]}}