{"id":16014,"date":"2023-04-17T14:41:55","date_gmt":"2023-04-17T12:41:55","guid":{"rendered":"https:\/\/innova.moreawesome.co\/inhaltsverzeichnis\/"},"modified":"2024-01-24T21:05:46","modified_gmt":"2024-01-24T20:05:46","slug":"inhaltsverzeichnis","status":"publish","type":"page","link":"https:\/\/test.innovamarketinsights.com\/de\/inhaltsverzeichnis\/","title":{"rendered":"Inhaltsverzeichnis"},"content":{"rendered":"\t\t<div data-elementor-type=\"wp-page\" data-elementor-id=\"16014\" class=\"elementor elementor-16014 elementor-10140\" data-elementor-post-type=\"page\">\n\t\t\t\t<div class=\"elementor-element elementor-element-200707c e-flex e-con-boxed e-con e-parent\" data-id=\"200707c\" data-element_type=\"container\" data-e-type=\"container\">\n\t\t\t\t\t<div class=\"e-con-inner\">\n\t\t\t\t<div class=\"elementor-element elementor-element-c840dbf elementor-widget elementor-widget-sitemap\" data-id=\"c840dbf\" data-element_type=\"widget\" data-e-type=\"widget\" data-widget_type=\"sitemap.default\">\n\t\t\t\t<div class=\"elementor-widget-container\">\n\t\t\t\t\t<div class=\"elementor-sitemap-wrap\"><div class=\"elementor-sitemap-section\"><h2 class=\"elementor-sitemap-title elementor-sitemap-page-title\">Pages<\/h2><ul class=\"elementor-sitemap-list elementor-sitemap-page-list\"><li class=\"elementor-sitemap-item elementor-sitemap-item-page page_item page-item-17575\"><a href=\"https:\/\/test.innovamarketinsights.com\/de\/\">Startseite<\/a><\/li><li class=\"elementor-sitemap-item elementor-sitemap-item-page page_item page-item-16081\"><a href=\"https:\/\/test.innovamarketinsights.com\/de\/dashboards\/\">Dashboards<\/a><\/li><li class=\"elementor-sitemap-item elementor-sitemap-item-page page_item page-item-16077\"><a href=\"https:\/\/test.innovamarketinsights.com\/de\/datenbanken\/\">Datenbanken<\/a><\/li><li class=\"elementor-sitemap-item elementor-sitemap-item-page page_item page-item-16073\"><a href=\"https:\/\/test.innovamarketinsights.com\/de\/globale-reichweite\/\">Globale Reichweite<\/a><\/li><li class=\"elementor-sitemap-item elementor-sitemap-item-page page_item page-item-16067\"><a href=\"https:\/\/test.innovamarketinsights.com\/de\/ueber\/\">\u00dcber<\/a><\/li><li class=\"elementor-sitemap-item elementor-sitemap-item-page page_item page-item-15315\"><a href=\"https:\/\/test.innovamarketinsights.com\/de\/kontakt\/\">Kontakt<\/a><\/li><li class=\"elementor-sitemap-item elementor-sitemap-item-page page_item page-item-16063\"><a href=\"https:\/\/test.innovamarketinsights.com\/de\/arbeiten-bei-innova\/\">Arbeiten bei Innova<\/a><\/li><li class=\"elementor-sitemap-item elementor-sitemap-item-page page_item page-item-17183\"><a href=\"https:\/\/test.innovamarketinsights.com\/de\/events\/\">Events<\/a><\/li><li class=\"elementor-sitemap-item elementor-sitemap-item-page page_item page-item-16059\"><a href=\"https:\/\/test.innovamarketinsights.com\/de\/pressezentrum\/\">Pressezentrum<\/a><\/li><li class=\"elementor-sitemap-item elementor-sitemap-item-page page_item page-item-16055\"><a href=\"https:\/\/test.innovamarketinsights.com\/de\/reports\/\">Berichte<\/a><\/li><li class=\"elementor-sitemap-item elementor-sitemap-item-page page_item page-item-16051\"><a href=\"https:\/\/test.innovamarketinsights.com\/de\/trends\/\">Trends<\/a><\/li><li class=\"elementor-sitemap-item elementor-sitemap-item-page page_item page-item-16046\"><a href=\"https:\/\/test.innovamarketinsights.com\/de\/bedingungen-und-konditionen\/\">Bedingungen und Konditionen<\/a><\/li><li class=\"elementor-sitemap-item elementor-sitemap-item-page page_item page-item-14497\"><a href=\"https:\/\/test.innovamarketinsights.com\/de\/datenschutz-erklaerung\/\">Erkl\u00e4rung zum Datenschutz<\/a><\/li><li class=\"elementor-sitemap-item elementor-sitemap-item-page page_item page-item-16042\"><a href=\"https:\/\/test.innovamarketinsights.com\/de\/dienstleistungen\/\">Dienstleistungen<\/a><\/li><li class=\"elementor-sitemap-item elementor-sitemap-item-page page_item page-item-16032\"><a href=\"https:\/\/test.innovamarketinsights.com\/de\/plattform-berichte\/\">Berichte<\/a><\/li><li class=\"elementor-sitemap-item elementor-sitemap-item-page page_item page-item-16014\"><a href=\"https:\/\/test.innovamarketinsights.com\/de\/inhaltsverzeichnis\/\">Inhaltsverzeichnis<\/a><\/li><li class=\"elementor-sitemap-item elementor-sitemap-item-page page_item page-item-16006\"><a href=\"https:\/\/test.innovamarketinsights.com\/de\/verbessert-durch-ki\/\">Verbessert durch KI<\/a><\/li><li class=\"elementor-sitemap-item elementor-sitemap-item-page page_item page-item-16010\"><a href=\"https:\/\/test.innovamarketinsights.com\/de\/offene-stellen\/\">Offene Stellen<\/a><\/li><li class=\"elementor-sitemap-item elementor-sitemap-item-page page_item page-item-16002\"><a href=\"https:\/\/test.innovamarketinsights.com\/de\/themen\/\">Themen<\/a><\/li><li class=\"elementor-sitemap-item elementor-sitemap-item-page page_item page-item-15998\"><a href=\"https:\/\/test.innovamarketinsights.com\/de\/l-g-kategorien\/\">Lebensmittel &amp; Getr\u00e4nke Kategorien<\/a><\/li><li class=\"elementor-sitemap-item elementor-sitemap-item-page page_item page-item-15994\"><a href=\"https:\/\/test.innovamarketinsights.com\/de\/insights360\/\">Insights 360<\/a><\/li><li class=\"elementor-sitemap-item elementor-sitemap-item-page page_item page-item-15990\"><a href=\"https:\/\/test.innovamarketinsights.com\/de\/insights-hub\/\">Insights Hub<\/a><\/li><li class=\"elementor-sitemap-item elementor-sitemap-item-page page_item page-item-15986\"><a href=\"https:\/\/test.innovamarketinsights.com\/de\/book-a-demo\/\">Demo buchen<\/a><\/li><li class=\"elementor-sitemap-item elementor-sitemap-item-page page_item page-item-15982\"><a href=\"https:\/\/test.innovamarketinsights.com\/de\/insights\/verpackung-insights\/\">Verpackung Insights<\/a><\/li><li class=\"elementor-sitemap-item elementor-sitemap-item-page page_item page-item-15978\"><a href=\"https:\/\/test.innovamarketinsights.com\/de\/insights\/aromen-insights\/\">Aromen Insights<\/a><\/li><li class=\"elementor-sitemap-item elementor-sitemap-item-page page_item page-item-15974\"><a href=\"https:\/\/test.innovamarketinsights.com\/de\/insights\/ingredient-insights\/\">Inhaltsstoffe Insights<\/a><\/li><li class=\"elementor-sitemap-item elementor-sitemap-item-page page_item page-item-15970\"><a href=\"https:\/\/test.innovamarketinsights.com\/de\/insights\/produkte-insights\/\">Produkte Insights<\/a><\/li><li class=\"elementor-sitemap-item elementor-sitemap-item-page page_item page-item-15966\"><a href=\"https:\/\/test.innovamarketinsights.com\/de\/insights\/kategorie-einblicke\/\">Kategorie Insights<\/a><\/li><li class=\"elementor-sitemap-item elementor-sitemap-item-page page_item page-item-15961\"><a href=\"https:\/\/test.innovamarketinsights.com\/de\/insights\/verbraucher-insights\/\">Verbraucher Insights<\/a><\/li><li class=\"elementor-sitemap-item elementor-sitemap-item-page page_item page-item-15959\"><a href=\"https:\/\/test.innovamarketinsights.com\/de\/insights\/\">Insights<\/a><\/li><li class=\"elementor-sitemap-item elementor-sitemap-item-page page_item page-item-15953\"><a href=\"https:\/\/test.innovamarketinsights.com\/de\/temp-menue\/\">temp-Men\u00fc<\/a><\/li><li class=\"elementor-sitemap-item elementor-sitemap-item-page page_item page-item-15951\"><a href=\"https:\/\/test.innovamarketinsights.com\/de\/berichte-hub\/\">Berichte Hub<\/a><\/li><li class=\"elementor-sitemap-item elementor-sitemap-item-page page_item page-item-15949\"><a href=\"https:\/\/test.innovamarketinsights.com\/de\/trends-drehscheibe\/\">Trends Drehscheibe<\/a><\/li><li class=\"elementor-sitemap-item elementor-sitemap-item-page page_item page-item-15947\"><a href=\"https:\/\/test.innovamarketinsights.com\/de\/ingredient-genius\/\">Ingredient Genius<\/a><\/li><\/ul><\/div><div class=\"elementor-sitemap-section\"><h2 class=\"elementor-sitemap-title elementor-sitemap-insight-title\">Insights<\/h2><span class=\"elementor-sitemap-list elementor-sitemap-insight-list\">Keine<\/span><\/div><div class=\"elementor-sitemap-section\"><h2 class=\"elementor-sitemap-title elementor-sitemap-trends-title\">Trends<\/h2><span class=\"elementor-sitemap-list elementor-sitemap-trends-list\">Keine<\/span><\/div><div class=\"elementor-sitemap-section\"><h2 class=\"elementor-sitemap-title elementor-sitemap-webinars-title\">Webinars<\/h2><ul class=\"elementor-sitemap-list elementor-sitemap-webinars-list\"><li class=\"elementor-sitemap-item elementor-sitemap-item-webinars page_item page-item-33514\"><a href=\"https:\/\/test.innovamarketinsights.com\/de\/webinars\/top-ten-food-getraenke-trends-2025\/\">Die zehn wichtigsten Lebensmittel und Getr\u00e4nke Trends 2025<\/a><\/li><li class=\"elementor-sitemap-item elementor-sitemap-item-webinars page_item page-item-33517\"><a href=\"https:\/\/test.innovamarketinsights.com\/de\/webinars\/top-ernaehrung-trends-2025\/\">Top Ern\u00e4hrungtrends 2025<\/a><\/li><li class=\"elementor-sitemap-item elementor-sitemap-item-webinars page_item page-item-33515\"><a href=\"https:\/\/test.innovamarketinsights.com\/de\/webinars\/verbraucher-trends-2025\/\">Globale Verbrauchertrends 2025<\/a><\/li><li class=\"elementor-sitemap-item elementor-sitemap-item-webinars page_item page-item-33516\"><a href=\"https:\/\/test.innovamarketinsights.com\/de\/webinars\/ultra-hochverarbeitete-lebensmittel-im-rampenlicht-was-die-us-verbraucher-denken\/\">Ultrahochverarbeitete Lebensmittel im Rampenlicht: Was sagen die US Verbraucher dazu?<\/a><\/li><li class=\"elementor-sitemap-item elementor-sitemap-item-webinars page_item page-item-33518\"><a href=\"https:\/\/test.innovamarketinsights.com\/de\/webinars\/warnhinweis-kennzeichnung\/\">Warnhinweise in LATAM: Die Auswirkungen auf Verbraucher und Herausforderungen f\u00fcr die Industrie<\/a><\/li><li class=\"elementor-sitemap-item elementor-sitemap-item-webinars page_item page-item-33519\"><a href=\"https:\/\/test.innovamarketinsights.com\/de\/webinars\/top-10-trends-2024-fuer-das-vereinigte-koenigsreich\/\">Top 10 Trends 2024 f\u00fcr Gro\u00dfbritannien<\/a><\/li><li class=\"elementor-sitemap-item elementor-sitemap-item-webinars page_item page-item-33651\"><a href=\"https:\/\/test.innovamarketinsights.com\/de\/webinars\/top-nachhaltigkeit-trends-was-sich-die-us-und-kanadischen-verbraucher-wuenschen\/\">Top Nachhaltigkeit Trends : Was die Verbraucher in den USA und Kanada wollen<\/a><\/li><li class=\"elementor-sitemap-item elementor-sitemap-item-webinars page_item page-item-18723\"><a href=\"https:\/\/test.innovamarketinsights.com\/de\/webinars\/how-to-win-big-natural-ingredients-in-the-spotlight\/\">Wie man gro\u00df gewinnt: Nat\u00fcrliche Inhaltsstoffe im Rampenlicht<\/a><\/li><li class=\"elementor-sitemap-item elementor-sitemap-item-webinars page_item page-item-18305\"><a href=\"https:\/\/test.innovamarketinsights.com\/de\/webinars\/globale-verbraucher-trends-fuer-2024\/\">Die Branche aufr\u00fctteln: Globale Trends f\u00fcr Verbraucher f\u00fcr 2024<\/a><\/li><li class=\"elementor-sitemap-item elementor-sitemap-item-webinars page_item page-item-16686\"><a href=\"https:\/\/test.innovamarketinsights.com\/de\/webinars\/rueckverfolgbarkeit-transparenz-marken-auf-einer-mission\/\">R\u00fcckverfolgbarkeit und Transparenz: Marken mit einer Mission<\/a><\/li><li class=\"elementor-sitemap-item elementor-sitemap-item-webinars page_item page-item-16687\"><a href=\"https:\/\/test.innovamarketinsights.com\/de\/webinars\/top-flavor-trends-fuer-2024\/\">Die wichtigsten Trends im Bereich Aromen f\u00fcr 2024<\/a><\/li><li class=\"elementor-sitemap-item elementor-sitemap-item-webinars page_item page-item-16688\"><a href=\"https:\/\/test.innovamarketinsights.com\/de\/webinars\/top-10-trends-2024\/\">Top 10 Trends Chancen f\u00fcr 2024<\/a><\/li><li class=\"elementor-sitemap-item elementor-sitemap-item-webinars page_item page-item-16689\"><a href=\"https:\/\/test.innovamarketinsights.com\/de\/webinars\/verbraucher-trends-2024\/\">Verbraucher Trends : Chancen f\u00fcr 2024<\/a><\/li><li class=\"elementor-sitemap-item elementor-sitemap-item-webinars page_item page-item-16690\"><a href=\"https:\/\/test.innovamarketinsights.com\/de\/webinars\/anuga-2023\/\">Kontakte kn\u00fcpfen, lernen und sich engagieren &#8211; Insider-Tipps f\u00fcr ein optimales Erlebnis auf der Anuga 2023<\/a><\/li><li class=\"elementor-sitemap-item elementor-sitemap-item-webinars page_item page-item-16691\"><a href=\"https:\/\/test.innovamarketinsights.com\/de\/webinars\/naehrwert-zum-richtigen-preis\/\">N\u00e4hrwert zum richtigen Preis<\/a><\/li><li class=\"elementor-sitemap-item elementor-sitemap-item-webinars page_item page-item-16692\"><a href=\"https:\/\/test.innovamarketinsights.com\/de\/webinars\/webinar-getraenke-innovation\/\">Schl\u00fcsselfaktoren f\u00fcr die Innovation von Getr\u00e4nken<\/a><\/li><li class=\"elementor-sitemap-item elementor-sitemap-item-webinars page_item page-item-16700\"><a href=\"https:\/\/test.innovamarketinsights.com\/de\/webinars\/anuga-innova-market-insights-present-sustainable-growth\/\">Anuga &amp; Innova Market Insights pr\u00e4sentieren: &#8222;Nachhaltiges Wachstum&#8220;<\/a><\/li><li class=\"elementor-sitemap-item elementor-sitemap-item-webinars page_item page-item-16695\"><a href=\"https:\/\/test.innovamarketinsights.com\/de\/webinars\/plant-based-unlocking-a-new-narrative\/\">Pflanzlich: Ein neues Narrativ entschl\u00fcsseln<\/a><\/li><li class=\"elementor-sitemap-item elementor-sitemap-item-webinars page_item page-item-16696\"><a href=\"https:\/\/test.innovamarketinsights.com\/de\/webinars\/top-ten-trends-fuer-2023\/\">Die zehn wichtigsten Trends f\u00fcr 2023<\/a><\/li><\/ul><\/div><div class=\"elementor-sitemap-section\"><h2 class=\"elementor-sitemap-title elementor-sitemap-press-releases-title\">Press Releases<\/h2><span class=\"elementor-sitemap-list elementor-sitemap-press-releases-list\">Keine<\/span><\/div><div class=\"elementor-sitemap-section\"><h2 class=\"elementor-sitemap-title elementor-sitemap-reports-title\">Reports<\/h2><ul class=\"elementor-sitemap-list elementor-sitemap-reports-list\"><li class=\"elementor-sitemap-item elementor-sitemap-item-reports page_item page-item-33275\"><a href=\"https:\/\/test.innovamarketinsights.com\/de\/berichte\/latein-amerika-verbraucher-trends-in-nachhaltigkeit\/\">Lateinamerikanische Verbrauchertrends im Bereich Nachhaltigkeit<\/a><\/li><li class=\"elementor-sitemap-item elementor-sitemap-item-reports page_item page-item-33288\"><a href=\"https:\/\/test.innovamarketinsights.com\/de\/berichte\/globale-verbrauchertrends-im-bereich-nachhaltigkeit\/\">Globale Verbrauchertrends im Bereich Nachhaltigkeit<\/a><\/li><li class=\"elementor-sitemap-item elementor-sitemap-item-reports page_item page-item-33293\"><a href=\"https:\/\/test.innovamarketinsights.com\/de\/berichte\/europaeische-verbrauchertrends-in-nachhaltigkeit\/\">Europ\u00e4ische Verbrauchertrends in Nachhaltigkeit<\/a><\/li><li class=\"elementor-sitemap-item elementor-sitemap-item-reports page_item page-item-33350\"><a href=\"https:\/\/test.innovamarketinsights.com\/de\/berichte\/top-aromen-trends-in-verbraucher-lokale-kostlichkeiten-global\/\">Top Aromen Trends in Verbraucher Lokale K\u00f6stlichkeiten &#8211; Global<\/a><\/li><li class=\"elementor-sitemap-item elementor-sitemap-item-reports page_item page-item-34085\"><a href=\"https:\/\/test.innovamarketinsights.com\/de\/berichte\/top-gesundheit-und-ernaehrung-trends-2025\/\">Top Gesundheits- und Ern\u00e4hrungstrends 2025<\/a><\/li><li class=\"elementor-sitemap-item elementor-sitemap-item-reports page_item page-item-34086\"><a href=\"https:\/\/test.innovamarketinsights.com\/de\/berichte\/europa-schokolade-suesswaren-markt-trends\/\">Trends im europ\u00e4ischen Markt f\u00fcr Schokoladen-S\u00fc\u00dfwaren<\/a><\/li><li class=\"elementor-sitemap-item elementor-sitemap-item-reports page_item page-item-34083\"><a href=\"https:\/\/test.innovamarketinsights.com\/de\/berichte\/verbraucher-trends-2025\/\">Globale Verbrauchertrends 2025<\/a><\/li><li class=\"elementor-sitemap-item elementor-sitemap-item-reports page_item page-item-16660\"><a href=\"https:\/\/test.innovamarketinsights.com\/de\/berichte\/global-consumer-insights-on-eco-friendly-packaging-choices\/\">Globale Trends der Verbraucher bei der Wahl umweltfreundlicher Verpackungen<\/a><\/li><li class=\"elementor-sitemap-item elementor-sitemap-item-reports page_item page-item-16664\"><a href=\"https:\/\/test.innovamarketinsights.com\/de\/berichte\/global-funktionale-getraenke-trends\/\">Globale Trends bei funktionellen Getr\u00e4nken<\/a><\/li><li class=\"elementor-sitemap-item elementor-sitemap-item-reports page_item page-item-16667\"><a href=\"https:\/\/test.innovamarketinsights.com\/de\/berichte\/globale-trends-in-der-augen-kosmetik\/\">Globale Trends in der Augenkosmetik<\/a><\/li><li class=\"elementor-sitemap-item elementor-sitemap-item-reports page_item page-item-16668\"><a href=\"https:\/\/test.innovamarketinsights.com\/de\/berichte\/globale-gen-z-trends\/\">Globale Trends der Gen Z<\/a><\/li><li class=\"elementor-sitemap-item elementor-sitemap-item-reports page_item page-item-16669\"><a href=\"https:\/\/test.innovamarketinsights.com\/de\/berichte\/globale-snacks-trends\/\">Globale Trends im Snack-Bereich<\/a><\/li><li class=\"elementor-sitemap-item elementor-sitemap-item-reports page_item page-item-16670\"><a href=\"https:\/\/test.innovamarketinsights.com\/de\/berichte\/globale-trends-im-pflanzlichen-bereich\/\">Globale Trends im pflanzlichen Bereich<\/a><\/li><li class=\"elementor-sitemap-item elementor-sitemap-item-reports page_item page-item-16671\"><a href=\"https:\/\/test.innovamarketinsights.com\/de\/berichte\/trends-in-dairy\/\">Globale Trends bei Milchprodukten und alternativen Speiseeissorten<\/a><\/li><li class=\"elementor-sitemap-item elementor-sitemap-item-reports page_item page-item-16672\"><a href=\"https:\/\/test.innovamarketinsights.com\/de\/berichte\/global-bread-bakery-trends\/\">Globale Trends bei Brot und Backwaren<\/a><\/li><li class=\"elementor-sitemap-item elementor-sitemap-item-reports page_item page-item-16673\"><a href=\"https:\/\/test.innovamarketinsights.com\/de\/berichte\/globale-verbraucher-trends\/\">Globale Verbraucher Trends in bezug auf Verpackung<\/a><\/li><li class=\"elementor-sitemap-item elementor-sitemap-item-reports page_item page-item-16674\"><a href=\"https:\/\/test.innovamarketinsights.com\/de\/berichte\/neue-technologien-im-pflanzlichen-bereich\/\">Neue Technologien im pflanzlichen Bereich<\/a><\/li><li class=\"elementor-sitemap-item elementor-sitemap-item-reports page_item page-item-16676\"><a href=\"https:\/\/test.innovamarketinsights.com\/de\/berichte\/flexitarische-bewegung-optimierung-pflanzlich-npd\/\">Flexitarier-Bewegung: Optimierung der pflanzlichen NPD<\/a><\/li><li class=\"elementor-sitemap-item elementor-sitemap-item-reports page_item page-item-16678\"><a href=\"https:\/\/test.innovamarketinsights.com\/de\/berichte\/convenience-covid-und-der-verbraucher\/\">Bequemlichkeit, COVID und der Verbraucher<\/a><\/li><li class=\"elementor-sitemap-item elementor-sitemap-item-reports page_item page-item-16680\"><a href=\"https:\/\/test.innovamarketinsights.com\/de\/berichte\/bedarfsgerechte-erschwingliche-ernaehrung\/\">Nachfrage nach erschwinglicher Ern\u00e4hrung befriedigen<\/a><\/li><li class=\"elementor-sitemap-item elementor-sitemap-item-reports page_item page-item-16682\"><a href=\"https:\/\/test.innovamarketinsights.com\/de\/berichte\/bounce-back-opportunities-for-premium-makeup\/\">Premium-Makeup im Aufschwung<\/a><\/li><\/ul><\/div><\/div>\t\t\t\t<\/div>\n\t\t\t\t<\/div>\n\t\t\t\t\t<\/div>\n\t\t\t\t<\/div>\n\t\t\t\t<\/div>\n\t\t","protected":false},"excerpt":{"rendered":"","protected":false},"author":13,"featured_media":0,"parent":0,"menu_order":0,"comment_status":"closed","ping_status":"closed","template":"","meta":{"_acf_changed":false,"inline_featured_image":false,"footnotes":""},"class_list":["post-16014","page","type-page","status-publish","hentry"],"acf":[],"_links":{"self":[{"href":"https:\/\/test.innovamarketinsights.com\/de\/wp-json\/wp\/v2\/pages\/16014","targetHints":{"allow":["GET"]}}],"collection":[{"href":"https:\/\/test.innovamarketinsights.com\/de\/wp-json\/wp\/v2\/pages"}],"about":[{"href":"https:\/\/test.innovamarketinsights.com\/de\/wp-json\/wp\/v2\/types\/page"}],"author":[{"embeddable":true,"href":"https:\/\/test.innovamarketinsights.com\/de\/wp-json\/wp\/v2\/users\/13"}],"replies":[{"embeddable":true,"href":"https:\/\/test.innovamarketinsights.com\/de\/wp-json\/wp\/v2\/comments?post=16014"}],"version-history":[{"count":1,"href":"https:\/\/test.innovamarketinsights.com\/de\/wp-json\/wp\/v2\/pages\/16014\/revisions"}],"predecessor-version":[{"id":16015,"href":"https:\/\/test.innovamarketinsights.com\/de\/wp-json\/wp\/v2\/pages\/16014\/revisions\/16015"}],"wp:attachment":[{"href":"https:\/\/test.innovamarketinsights.com\/de\/wp-json\/wp\/v2\/media?parent=16014"}],"curies":[{"name":"wp","href":"https:\/\/api.w.org\/{rel}","templated":true}]}}